{"id":449,"date":"2019-08-15T14:30:54","date_gmt":"2019-08-15T14:30:54","guid":{"rendered":"https:\/\/diosesmifuerza.org\/web\/?page_id=449"},"modified":"2025-09-17T15:50:49","modified_gmt":"2025-09-17T15:50:49","slug":"contactanos","status":"publish","type":"page","link":"https:\/\/diosesmifuerza.org\/web\/contactanos\/","title":{"rendered":"CONTACTANOS"},"content":{"rendered":"\t\t<div data-elementor-type=\"wp-page\" data-elementor-id=\"449\" class=\"elementor elementor-449\" data-elementor-settings=\"{&quot;element_pack_global_tooltip_width&quot;:{&quot;unit&quot;:&quot;px&quot;,&quot;size&quot;:&quot;&quot;,&quot;sizes&quot;:[]},&quot;element_pack_global_tooltip_width_tablet&quot;:{&quot;unit&quot;:&quot;px&quot;,&quot;size&quot;:&quot;&quot;,&quot;sizes&quot;:[]},&quot;element_pack_global_tooltip_width_mobile&quot;:{&quot;unit&quot;:&quot;px&quot;,&quot;size&quot;:&quot;&quot;,&quot;sizes&quot;:[]},&quot;element_pack_global_tooltip_padding&quot;:{&quot;unit&quot;:&quot;px&quot;,&quot;top&quot;:&quot;&quot;,&quot;right&quot;:&quot;&quot;,&quot;bottom&quot;:&quot;&quot;,&quot;left&quot;:&quot;&quot;,&quot;isLinked&quot;:true},&quot;element_pack_global_tooltip_padding_tablet&quot;:{&quot;unit&quot;:&quot;px&quot;,&quot;top&quot;:&quot;&quot;,&quot;right&quot;:&quot;&quot;,&quot;bottom&quot;:&quot;&quot;,&quot;left&quot;:&quot;&quot;,&quot;isLinked&quot;:true},&quot;element_pack_global_tooltip_padding_mobile&quot;:{&quot;unit&quot;:&quot;px&quot;,&quot;top&quot;:&quot;&quot;,&quot;right&quot;:&quot;&quot;,&quot;bottom&quot;:&quot;&quot;,&quot;left&quot;:&quot;&quot;,&quot;isLinked&quot;:true},&quot;element_pack_global_tooltip_border_radius&quot;:{&quot;unit&quot;:&quot;px&quot;,&quot;top&quot;:&quot;&quot;,&quot;right&quot;:&quot;&quot;,&quot;bottom&quot;:&quot;&quot;,&quot;left&quot;:&quot;&quot;,&quot;isLinked&quot;:true},&quot;element_pack_global_tooltip_border_radius_tablet&quot;:{&quot;unit&quot;:&quot;px&quot;,&quot;top&quot;:&quot;&quot;,&quot;right&quot;:&quot;&quot;,&quot;bottom&quot;:&quot;&quot;,&quot;left&quot;:&quot;&quot;,&quot;isLinked&quot;:true},&quot;element_pack_global_tooltip_border_radius_mobile&quot;:{&quot;unit&quot;:&quot;px&quot;,&quot;top&quot;:&quot;&quot;,&quot;right&quot;:&quot;&quot;,&quot;bottom&quot;:&quot;&quot;,&quot;left&quot;:&quot;&quot;,&quot;isLinked&quot;:true}}\" data-elementor-post-type=\"page\">\n\t\t\t\t\t\t<section class=\"elementor-section elementor-top-section elementor-element elementor-element-64387084 animated-fast elementor-section-boxed elementor-section-height-default elementor-section-height-default elementor-invisible\" data-id=\"64387084\" data-element_type=\"section\" data-e-type=\"section\" data-settings=\"{&quot;background_background&quot;:&quot;classic&quot;,&quot;animation&quot;:&quot;fadeIn&quot;}\">\n\t\t\t\t\t\t<div class=\"elementor-container elementor-column-gap-default\">\n\t\t\t\t\t<div class=\"elementor-column elementor-col-100 elementor-top-column elementor-element elementor-element-21ef8e8\" data-id=\"21ef8e8\" data-element_type=\"column\" data-e-type=\"column\">\n\t\t\t<div class=\"elementor-widget-wrap\">\n\t\t\t\t\t\t\t<\/div>\n\t\t<\/div>\n\t\t\t\t\t<\/div>\n\t\t<\/section>\n\t\t\t\t<section class=\"elementor-section elementor-top-section elementor-element elementor-element-746518ce elementor-section-full_width elementor-section-stretched animated-fast elementor-section-height-default elementor-section-height-default elementor-invisible\" data-id=\"746518ce\" data-element_type=\"section\" data-e-type=\"section\" data-settings=\"{&quot;stretch_section&quot;:&quot;section-stretched&quot;,&quot;background_background&quot;:&quot;classic&quot;,&quot;animation&quot;:&quot;fadeIn&quot;}\">\n\t\t\t\t\t\t\t<div class=\"elementor-background-overlay\"><\/div>\n\t\t\t\t\t\t\t<div class=\"elementor-container elementor-column-gap-no\">\n\t\t\t\t\t<div class=\"elementor-column elementor-col-100 elementor-top-column elementor-element elementor-element-289237c animated-fast elementor-invisible\" data-id=\"289237c\" data-element_type=\"column\" data-e-type=\"column\" data-settings=\"{&quot;background_background&quot;:&quot;classic&quot;,&quot;animation&quot;:&quot;fadeIn&quot;}\">\n\t\t\t<div class=\"elementor-widget-wrap elementor-element-populated\">\n\t\t\t\t\t<div class=\"elementor-background-overlay\"><\/div>\n\t\t\t\t\t\t<section class=\"elementor-section elementor-inner-section elementor-element elementor-element-76edf7dc elementor-section-content-middle elementor-section-boxed elementor-section-height-default elementor-section-height-default\" data-id=\"76edf7dc\" data-element_type=\"section\" data-e-type=\"section\" data-settings=\"{&quot;background_background&quot;:&quot;classic&quot;}\">\n\t\t\t\t\t\t\t<div class=\"elementor-background-overlay\"><\/div>\n\t\t\t\t\t\t\t<div class=\"elementor-container elementor-column-gap-no\">\n\t\t\t\t\t<div class=\"elementor-column elementor-col-100 elementor-inner-column elementor-element elementor-element-7e5128bd\" data-id=\"7e5128bd\" data-element_type=\"column\" data-e-type=\"column\">\n\t\t\t<div class=\"elementor-widget-wrap elementor-element-populated\">\n\t\t\t\t\t\t<div class=\"elementor-element elementor-element-59ec7ded animated-fast elementor-invisible elementor-widget elementor-widget-heading\" data-id=\"59ec7ded\" data-element_type=\"widget\" data-e-type=\"widget\" data-settings=\"{&quot;_animation&quot;:&quot;fadeInUp&quot;}\" data-widget_type=\"heading.default\">\n\t\t\t\t<div class=\"elementor-widget-container\">\n\t\t\t\t\t<h3 class=\"elementor-heading-title elementor-size-default\">CONTACTANOS<\/h3>\t\t\t\t<\/div>\n\t\t\t\t<\/div>\n\t\t\t\t<div class=\"elementor-element elementor-element-1fd59513 animated-fast elementor-invisible elementor-widget elementor-widget-text-editor\" data-id=\"1fd59513\" data-element_type=\"widget\" data-e-type=\"widget\" data-settings=\"{&quot;_animation&quot;:&quot;fadeInDown&quot;}\" data-widget_type=\"text-editor.default\">\n\t\t\t\t<div class=\"elementor-widget-container\">\n\t\t\t\t\t\t\t\t\t<p><span style=\"vertical-align: inherit;\"><span style=\"vertical-align: inherit;\"><span style=\"vertical-align: inherit;\"><span style=\"vertical-align: inherit;\">Queremos saber de ti<\/span><\/span><\/span><\/span><\/p>\t\t\t\t\t\t\t\t<\/div>\n\t\t\t\t<\/div>\n\t\t\t\t\t<\/div>\n\t\t<\/div>\n\t\t\t\t\t<\/div>\n\t\t<\/section>\n\t\t\t\t\t<\/div>\n\t\t<\/div>\n\t\t\t\t\t<\/div>\n\t\t<\/section>\n\t\t\t\t<section class=\"elementor-section elementor-top-section elementor-element elementor-element-8f6125b elementor-section-boxed elementor-section-height-default elementor-section-height-default\" data-id=\"8f6125b\" data-element_type=\"section\" data-e-type=\"section\">\n\t\t\t\t\t\t<div class=\"elementor-container elementor-column-gap-default\">\n\t\t\t\t\t<div class=\"elementor-column elementor-col-100 elementor-top-column elementor-element elementor-element-9aefc30\" data-id=\"9aefc30\" data-element_type=\"column\" data-e-type=\"column\">\n\t\t\t<div class=\"elementor-widget-wrap elementor-element-populated\">\n\t\t\t\t\t\t<div class=\"elementor-element elementor-element-70aef34 elementor-widget elementor-widget-spacer\" data-id=\"70aef34\" data-element_type=\"widget\" data-e-type=\"widget\" data-widget_type=\"spacer.default\">\n\t\t\t\t<div class=\"elementor-widget-container\">\n\t\t\t\t\t\t\t<div class=\"elementor-spacer\">\n\t\t\t<div class=\"elementor-spacer-inner\"><\/div>\n\t\t<\/div>\n\t\t\t\t\t\t<\/div>\n\t\t\t\t<\/div>\n\t\t\t\t\t<\/div>\n\t\t<\/div>\n\t\t\t\t\t<\/div>\n\t\t<\/section>\n\t\t\t\t<section class=\"elementor-section elementor-top-section elementor-element elementor-element-3f34983b elementor-section-content-middle elementor-reverse-mobile elementor-section-boxed elementor-section-height-default elementor-section-height-default\" data-id=\"3f34983b\" data-element_type=\"section\" data-e-type=\"section\" data-settings=\"{&quot;background_background&quot;:&quot;classic&quot;}\">\n\t\t\t\t\t\t\t<div class=\"elementor-background-overlay\"><\/div>\n\t\t\t\t\t\t\t<div class=\"elementor-container elementor-column-gap-default\">\n\t\t\t\t\t<div class=\"elementor-column elementor-col-100 elementor-top-column elementor-element elementor-element-7418fb08\" data-id=\"7418fb08\" data-element_type=\"column\" data-e-type=\"column\" data-settings=\"{&quot;background_background&quot;:&quot;classic&quot;}\">\n\t\t\t<div class=\"elementor-widget-wrap elementor-element-populated\">\n\t\t\t\t\t\t<div class=\"elementor-element elementor-element-4e532028 animated-fast elementor-invisible elementor-widget elementor-widget-heading\" data-id=\"4e532028\" data-element_type=\"widget\" data-e-type=\"widget\" data-settings=\"{&quot;_animation&quot;:&quot;fadeInUp&quot;}\" data-widget_type=\"heading.default\">\n\t\t\t\t<div class=\"elementor-widget-container\">\n\t\t\t\t\t<h2 class=\"elementor-heading-title elementor-size-default\">CENTRO CRISTIANO DIOS ES MI FUERZA<\/h2>\t\t\t\t<\/div>\n\t\t\t\t<\/div>\n\t\t\t\t<div class=\"elementor-element elementor-element-3d55450a elementor-widget elementor-widget-text-editor\" data-id=\"3d55450a\" data-element_type=\"widget\" data-e-type=\"widget\" data-widget_type=\"text-editor.default\">\n\t\t\t\t<div class=\"elementor-widget-container\">\n\t\t\t\t\t\t\t\t\t<p>Direcci\u00f3n :PEREZ BULNES 771 Barrio Lucchetti Villa Rosa (Pilar)R.N.C.N\u00b02861 Matricula 27.834&nbsp; &nbsp;Bs.As. ARGENTINA Tel.230 4495208. Cel.01115 3144-3228<br>Pr. Presidente: Eduardo Alberto Gallo&nbsp; email: eagallo@hotmail.com, email: ccdemf@hotmail.com<\/p>\t\t\t\t\t\t\t\t<\/div>\n\t\t\t\t<\/div>\n\t\t\t\t<div class=\"elementor-element elementor-element-57d8bd41 elementor-shape-circle elementor-grid-0 e-grid-align-center elementor-widget elementor-widget-social-icons\" data-id=\"57d8bd41\" data-element_type=\"widget\" data-e-type=\"widget\" data-widget_type=\"social-icons.default\">\n\t\t\t\t<div class=\"elementor-widget-container\">\n\t\t\t\t\t\t\t<div class=\"elementor-social-icons-wrapper elementor-grid\" role=\"list\">\n\t\t\t\t\t\t\t<span class=\"elementor-grid-item\" role=\"listitem\">\n\t\t\t\t\t<a class=\"elementor-icon elementor-social-icon elementor-social-icon-facebook-f elementor-animation-grow elementor-repeater-item-0267196\" href=\"https:\/\/www.facebook.com\/Ap%C3%B3stol-Alberto-Gallo-106272167542465\" target=\"_blank\">\n\t\t\t\t\t\t<span class=\"elementor-screen-only\">Facebook-f<\/span>\n\t\t\t\t\t\t<i aria-hidden=\"true\" class=\"fab fa-facebook-f\"><\/i>\t\t\t\t\t<\/a>\n\t\t\t\t<\/span>\n\t\t\t\t\t\t\t<span class=\"elementor-grid-item\" role=\"listitem\">\n\t\t\t\t\t<a class=\"elementor-icon elementor-social-icon elementor-social-icon-whatsapp elementor-animation-grow elementor-repeater-item-405f585\" href=\"https:\/\/wa.me\/5491131443228\" target=\"_blank\">\n\t\t\t\t\t\t<span class=\"elementor-screen-only\">Whatsapp<\/span>\n\t\t\t\t\t\t<i aria-hidden=\"true\" class=\"fab fa-whatsapp\"><\/i>\t\t\t\t\t<\/a>\n\t\t\t\t<\/span>\n\t\t\t\t\t\t\t<span class=\"elementor-grid-item\" role=\"listitem\">\n\t\t\t\t\t<a class=\"elementor-icon elementor-social-icon elementor-social-icon-instagram elementor-animation-grow elementor-repeater-item-4b34c95\" href=\"https:\/\/www.instagram.com\/apostol_gallo\/?hl=es\" target=\"_blank\">\n\t\t\t\t\t\t<span class=\"elementor-screen-only\">Instagram<\/span>\n\t\t\t\t\t\t<i aria-hidden=\"true\" class=\"fab fa-instagram\"><\/i>\t\t\t\t\t<\/a>\n\t\t\t\t<\/span>\n\t\t\t\t\t<\/div>\n\t\t\t\t\t\t<\/div>\n\t\t\t\t<\/div>\n\t\t\t\t\t<\/div>\n\t\t<\/div>\n\t\t\t\t\t<\/div>\n\t\t<\/section>\n\t\t\t\t<section class=\"elementor-section elementor-top-section elementor-element elementor-element-1e87904 elementor-section-boxed elementor-section-height-default elementor-section-height-default\" data-id=\"1e87904\" data-element_type=\"section\" data-e-type=\"section\">\n\t\t\t\t\t\t<div class=\"elementor-container elementor-column-gap-default\">\n\t\t\t\t\t<div class=\"elementor-column elementor-col-100 elementor-top-column elementor-element elementor-element-71553a3\" data-id=\"71553a3\" data-element_type=\"column\" data-e-type=\"column\">\n\t\t\t<div class=\"elementor-widget-wrap elementor-element-populated\">\n\t\t\t\t\t\t<div class=\"elementor-element elementor-element-db4bdac elementor-widget elementor-widget-wpforms\" data-id=\"db4bdac\" data-element_type=\"widget\" data-e-type=\"widget\" data-widget_type=\"wpforms.default\">\n\t\t\t\t<div class=\"elementor-widget-container\">\n\t\t\t\t\t<div class=\"wpforms-container wpforms-container-full\" id=\"wpforms-512\"><form id=\"wpforms-form-512\" class=\"wpforms-validate wpforms-form\" data-formid=\"512\" method=\"post\" enctype=\"multipart\/form-data\" action=\"\/web\/wp-json\/wp\/v2\/pages\/449\" data-token=\"511fd4b5aa05906c712cd651a45216c5\" data-token-time=\"1776870257\"><noscript class=\"wpforms-error-noscript\">Por favor, activa JavaScript en tu navegador para completar este formulario.<\/noscript><div class=\"wpforms-field-container\"><div id=\"wpforms-512-field_0-container\" class=\"wpforms-field wpforms-field-name wpforms-one-half wpforms-first wpforms-two-fourths\" data-field-id=\"0\"><label class=\"wpforms-field-label\">Datos <span class=\"wpforms-required-label\">*<\/span><\/label><div class=\"wpforms-field-row wpforms-field-medium\"><div class=\"wpforms-field-row-block wpforms-first wpforms-one-half\"><input type=\"text\" id=\"wpforms-512-field_0\" class=\"wpforms-field-name-first wpforms-field-required\" name=\"wpforms[fields][0][first]\" required><label for=\"wpforms-512-field_0\" class=\"wpforms-field-sublabel after\">Nombre<\/label><\/div><div class=\"wpforms-field-row-block wpforms-one-half\"><input type=\"text\" id=\"wpforms-512-field_0-last\" class=\"wpforms-field-name-last wpforms-field-required\" name=\"wpforms[fields][0][last]\" required><label for=\"wpforms-512-field_0-last\" class=\"wpforms-field-sublabel after\">Apellidos<\/label><\/div><\/div><\/div><div id=\"wpforms-512-field_1-container\" class=\"wpforms-field wpforms-field-email wpforms-two-fourths\" data-field-id=\"1\"><label class=\"wpforms-field-label\" for=\"wpforms-512-field_1\">Correo electr\u00f3nico <span class=\"wpforms-required-label\">*<\/span><\/label><input type=\"email\" id=\"wpforms-512-field_1\" class=\"wpforms-field-medium wpforms-field-required\" name=\"wpforms[fields][1]\" spellcheck=\"false\" required><\/div><div id=\"wpforms-512-field_13-container\" class=\"wpforms-field wpforms-field-number wpforms-two-fourths\" data-field-id=\"13\"><label class=\"wpforms-field-label\" for=\"wpforms-512-field_13\">N\u00famero de Telefono <span class=\"wpforms-required-label\">*<\/span><\/label><input type=\"number\" id=\"wpforms-512-field_13\" class=\"wpforms-field-medium wpforms-field-required\" name=\"wpforms[fields][13]\" step=\"any\" required><\/div><div id=\"wpforms-512-field_14-container\" class=\"wpforms-field wpforms-field-checkbox wpforms-two-fourths\" data-field-id=\"14\"><label class=\"wpforms-field-label\">Empresa de Celular <span class=\"wpforms-required-label\">*<\/span><\/label><ul id=\"wpforms-512-field_14\" class=\"wpforms-field-required\" data-choice-limit=\"1\"><li class=\"choice-1 depth-1\"><input type=\"checkbox\" id=\"wpforms-512-field_14_1\" data-rule-check-limit=\"true\" name=\"wpforms[fields][14][]\" value=\"Personal\" required ><label class=\"wpforms-field-label-inline\" for=\"wpforms-512-field_14_1\">Personal<\/label><\/li><li class=\"choice-2 depth-1\"><input type=\"checkbox\" id=\"wpforms-512-field_14_2\" data-rule-check-limit=\"true\" name=\"wpforms[fields][14][]\" value=\"Movistar\" required ><label class=\"wpforms-field-label-inline\" for=\"wpforms-512-field_14_2\">Movistar<\/label><\/li><li class=\"choice-3 depth-1\"><input type=\"checkbox\" id=\"wpforms-512-field_14_3\" data-rule-check-limit=\"true\" name=\"wpforms[fields][14][]\" value=\"Claro\" required ><label class=\"wpforms-field-label-inline\" for=\"wpforms-512-field_14_3\">Claro<\/label><\/li><li class=\"choice-4 depth-1\"><input type=\"checkbox\" id=\"wpforms-512-field_14_4\" data-rule-check-limit=\"true\" name=\"wpforms[fields][14][]\" value=\"Otro\" required ><label class=\"wpforms-field-label-inline\" for=\"wpforms-512-field_14_4\">Otro<\/label><\/li><\/ul><\/div><div id=\"wpforms-512-field_16-container\" class=\"wpforms-field wpforms-field-checkbox\" data-field-id=\"16\"><label class=\"wpforms-field-label\">TARJETA DE PETICIONES (Indic\u00e1 cuales son tus peticiones marcando los cuadros correspondientes<\/label><ul id=\"wpforms-512-field_16\"><li class=\"choice-1 depth-1\"><input type=\"checkbox\" id=\"wpforms-512-field_16_1\" name=\"wpforms[fields][16][]\" value=\"Salir de Deudas\"  ><label class=\"wpforms-field-label-inline\" for=\"wpforms-512-field_16_1\">Salir de Deudas<\/label><\/li><li class=\"choice-2 depth-1\"><input type=\"checkbox\" id=\"wpforms-512-field_16_2\" name=\"wpforms[fields][16][]\" value=\"Matrimonio Feliz\"  ><label class=\"wpforms-field-label-inline\" for=\"wpforms-512-field_16_2\">Matrimonio Feliz<\/label><\/li><li class=\"choice-3 depth-1\"><input type=\"checkbox\" id=\"wpforms-512-field_16_3\" name=\"wpforms[fields][16][]\" value=\"Ser Libre de Vicios \"  ><label class=\"wpforms-field-label-inline\" for=\"wpforms-512-field_16_3\">Ser Libre de Vicios<\/label><\/li><li class=\"choice-13 depth-1\"><input type=\"checkbox\" id=\"wpforms-512-field_16_13\" name=\"wpforms[fields][16][]\" value=\"Por trabajo\"  ><label class=\"wpforms-field-label-inline\" for=\"wpforms-512-field_16_13\">Por trabajo<\/label><\/li><li class=\"choice-12 depth-1\"><input type=\"checkbox\" id=\"wpforms-512-field_16_12\" name=\"wpforms[fields][16][]\" value=\"Ser Libre de Opresiones\"  ><label class=\"wpforms-field-label-inline\" for=\"wpforms-512-field_16_12\">Ser Libre de Opresiones<\/label><\/li><li class=\"choice-11 depth-1\"><input type=\"checkbox\" id=\"wpforms-512-field_16_11\" name=\"wpforms[fields][16][]\" value=\"Aumento de Ing. Econ\u00f3micos \"  ><label class=\"wpforms-field-label-inline\" for=\"wpforms-512-field_16_11\">Aumento de Ing. Econ\u00f3micos<\/label><\/li><li class=\"choice-10 depth-1\"><input type=\"checkbox\" id=\"wpforms-512-field_16_10\" name=\"wpforms[fields][16][]\" value=\"Por Hijos en Drogas\"  ><label class=\"wpforms-field-label-inline\" for=\"wpforms-512-field_16_10\">Por Hijos en Drogas<\/label><\/li><li class=\"choice-9 depth-1\"><input type=\"checkbox\" id=\"wpforms-512-field_16_9\" name=\"wpforms[fields][16][]\" value=\"Un Familiar Enfermo\"  ><label class=\"wpforms-field-label-inline\" for=\"wpforms-512-field_16_9\">Un Familiar Enfermo<\/label><\/li><li class=\"choice-8 depth-1\"><input type=\"checkbox\" id=\"wpforms-512-field_16_8\" name=\"wpforms[fields][16][]\" value=\"Ser Sanado de una Enfermedad\"  ><label class=\"wpforms-field-label-inline\" for=\"wpforms-512-field_16_8\">Ser Sanado de una Enfermedad<\/label><\/li><li class=\"choice-7 depth-1\"><input type=\"checkbox\" id=\"wpforms-512-field_16_7\" name=\"wpforms[fields][16][]\" value=\"Problemas Familiares\"  ><label class=\"wpforms-field-label-inline\" for=\"wpforms-512-field_16_7\">Problemas Familiares<\/label><\/li><li class=\"choice-6 depth-1\"><input type=\"checkbox\" id=\"wpforms-512-field_16_6\" name=\"wpforms[fields][16][]\" value=\"Ascenso Laboral \"  ><label class=\"wpforms-field-label-inline\" for=\"wpforms-512-field_16_6\">Ascenso Laboral<\/label><\/li><li class=\"choice-5 depth-1\"><input type=\"checkbox\" id=\"wpforms-512-field_16_5\" name=\"wpforms[fields][16][]\" value=\"Por Injusticia\"  ><label class=\"wpforms-field-label-inline\" for=\"wpforms-512-field_16_5\">Por Injusticia<\/label><\/li><li class=\"choice-4 depth-1\"><input type=\"checkbox\" id=\"wpforms-512-field_16_4\" name=\"wpforms[fields][16][]\" value=\"Soledad\"  ><label class=\"wpforms-field-label-inline\" for=\"wpforms-512-field_16_4\">Soledad<\/label><\/li><li class=\"choice-19 depth-1\"><input type=\"checkbox\" id=\"wpforms-512-field_16_19\" name=\"wpforms[fields][16][]\" value=\"Depresi\u00f3n \/ Desanimo \"  ><label class=\"wpforms-field-label-inline\" for=\"wpforms-512-field_16_19\">Depresi\u00f3n \/ Desanimo<\/label><\/li><li class=\"choice-18 depth-1\"><input type=\"checkbox\" id=\"wpforms-512-field_16_18\" name=\"wpforms[fields][16][]\" value=\"Por Amigos\"  ><label class=\"wpforms-field-label-inline\" for=\"wpforms-512-field_16_18\">Por Amigos<\/label><\/li><li class=\"choice-17 depth-1\"><input type=\"checkbox\" id=\"wpforms-512-field_16_17\" name=\"wpforms[fields][16][]\" value=\"Bienes Materiales\"  ><label class=\"wpforms-field-label-inline\" for=\"wpforms-512-field_16_17\">Bienes Materiales<\/label><\/li><li class=\"choice-16 depth-1\"><input type=\"checkbox\" id=\"wpforms-512-field_16_16\" name=\"wpforms[fields][16][]\" value=\"Por Examen o Materia \"  ><label class=\"wpforms-field-label-inline\" for=\"wpforms-512-field_16_16\">Por Examen o Materia<\/label><\/li><li class=\"choice-15 depth-1\"><input type=\"checkbox\" id=\"wpforms-512-field_16_15\" name=\"wpforms[fields][16][]\" value=\"Cosas Trabadas que no Salen\"  ><label class=\"wpforms-field-label-inline\" for=\"wpforms-512-field_16_15\">Cosas Trabadas que no Salen<\/label><\/li><li class=\"choice-14 depth-1\"><input type=\"checkbox\" id=\"wpforms-512-field_16_14\" name=\"wpforms[fields][16][]\" value=\"\u00bfLe Gustar\u00eda una Visita? Agregue su Direcci\u00f3n en el comentario o mensaje\"  ><label class=\"wpforms-field-label-inline\" for=\"wpforms-512-field_16_14\">\u00bfLe Gustar\u00eda una Visita? Agregue su Direcci\u00f3n en el comentario o mensaje<\/label><\/li><\/ul><\/div><div id=\"wpforms-512-field_2-container\" class=\"wpforms-field wpforms-field-textarea\" data-field-id=\"2\"><label class=\"wpforms-field-label\" for=\"wpforms-512-field_2\">Comentario o mensaje <span class=\"wpforms-required-label\">*<\/span><\/label><textarea id=\"wpforms-512-field_2\" class=\"wpforms-field-medium wpforms-field-required\" name=\"wpforms[fields][2]\" required><\/textarea><\/div><\/div><!-- .wpforms-field-container --><div class=\"wpforms-field wpforms-field-hp\"><label for=\"wpforms-512-field-hp\" class=\"wpforms-field-label\">Comment<\/label><input type=\"text\" name=\"wpforms[hp]\" id=\"wpforms-512-field-hp\" class=\"wpforms-field-medium\"><\/div><div class=\"wpforms-submit-container\" ><input type=\"hidden\" name=\"wpforms[id]\" value=\"512\"><input type=\"hidden\" name=\"page_title\" value=\"\"><input type=\"hidden\" name=\"page_url\" value=\"https:\/\/diosesmifuerza.org\/web\/wp-json\/wp\/v2\/pages\/449\"><input type=\"hidden\" name=\"url_referer\" value=\"\"><button type=\"submit\" name=\"wpforms[submit]\" id=\"wpforms-submit-512\" class=\"wpforms-submit\" data-alt-text=\"Enviando...\" data-submit-text=\"Enviar\" aria-live=\"assertive\" value=\"wpforms-submit\">Enviar<\/button><\/div><\/form><\/div>  <!-- .wpforms-container -->\t\t\t\t<\/div>\n\t\t\t\t<\/div>\n\t\t\t\t\t<\/div>\n\t\t<\/div>\n\t\t\t\t\t<\/div>\n\t\t<\/section>\n\t\t\t\t<\/div>\n\t\t","protected":false},"excerpt":{"rendered":"<p>CONTACTANOS Queremos saber de ti CENTRO CRISTIANO DIOS ES MI FUERZA Direcci\u00f3n :PEREZ BULNES 771 Barrio Lucchetti Villa Rosa (Pilar)R.N.C.N\u00b02861 Matricula 27.834&nbsp; &nbsp;Bs.As. ARGENTINA Tel.230 4495208. Cel.01115 3144-3228Pr. Presidente: Eduardo Alberto Gallo&nbsp; email: eagallo@hotmail.com, email: ccdemf@hotmail.com Facebook-f Whatsapp Instagram Por favor, activa JavaScript en tu navegador para completar este formulario.Datos *NombreApellidosCorreo electr\u00f3nico *N\u00famero de Telefono *Empresa de Celular * Personal Movistar Claro Otro TARJETA DE PETICIONES (Indic\u00e1 cuales son tus peticiones marcando los cuadros correspondientes Salir de Deudas Matrimonio Feliz Ser Libre de Vicios Por trabajo Ser Libre de Opresiones Aumento de Ing. Econ\u00f3micos Por Hijos en Drogas Un Familiar Enfermo Ser Sanado de una Enfermedad Problemas Familiares Ascenso Laboral Por Injusticia Soledad Depresi\u00f3n \/ Desanimo Por Amigos Bienes Materiales Por Examen o Materia Cosas Trabadas que no Salen \u00bfLe Gustar\u00eda una Visita? Agregue su Direcci\u00f3n en el comentario o mensaje Comentario o mensaje *Message Enviar<\/p>\n","protected":false},"author":12,"featured_media":0,"parent":0,"menu_order":0,"comment_status":"closed","ping_status":"closed","template":"elementor_header_footer","meta":{"footnotes":""},"class_list":["post-449","page","type-page","status-publish","hentry"],"_links":{"self":[{"href":"https:\/\/diosesmifuerza.org\/web\/wp-json\/wp\/v2\/pages\/449","targetHints":{"allow":["GET"]}}],"collection":[{"href":"https:\/\/diosesmifuerza.org\/web\/wp-json\/wp\/v2\/pages"}],"about":[{"href":"https:\/\/diosesmifuerza.org\/web\/wp-json\/wp\/v2\/types\/page"}],"author":[{"embeddable":true,"href":"https:\/\/diosesmifuerza.org\/web\/wp-json\/wp\/v2\/users\/12"}],"replies":[{"embeddable":true,"href":"https:\/\/diosesmifuerza.org\/web\/wp-json\/wp\/v2\/comments?post=449"}],"version-history":[{"count":39,"href":"https:\/\/diosesmifuerza.org\/web\/wp-json\/wp\/v2\/pages\/449\/revisions"}],"predecessor-version":[{"id":3632,"href":"https:\/\/diosesmifuerza.org\/web\/wp-json\/wp\/v2\/pages\/449\/revisions\/3632"}],"wp:attachment":[{"href":"https:\/\/diosesmifuerza.org\/web\/wp-json\/wp\/v2\/media?parent=449"}],"curies":[{"name":"wp","href":"https:\/\/api.w.org\/{rel}","templated":true}]}}