{"id":1796,"date":"2021-11-09T14:05:35","date_gmt":"2021-11-09T14:05:35","guid":{"rendered":"https:\/\/diosesmifuerza.org\/web\/?page_id=1796"},"modified":"2021-11-10T19:34:35","modified_gmt":"2021-11-10T19:34:35","slug":"multimedia","status":"publish","type":"page","link":"https:\/\/diosesmifuerza.org\/web\/multimedia\/","title":{"rendered":"MULTIMEDIA"},"content":{"rendered":"\t\t<div data-elementor-type=\"wp-page\" data-elementor-id=\"1796\" class=\"elementor elementor-1796\" data-elementor-settings=\"{&quot;element_pack_global_tooltip_width&quot;:{&quot;unit&quot;:&quot;px&quot;,&quot;size&quot;:&quot;&quot;,&quot;sizes&quot;:[]},&quot;element_pack_global_tooltip_width_tablet&quot;:{&quot;unit&quot;:&quot;px&quot;,&quot;size&quot;:&quot;&quot;,&quot;sizes&quot;:[]},&quot;element_pack_global_tooltip_width_mobile&quot;:{&quot;unit&quot;:&quot;px&quot;,&quot;size&quot;:&quot;&quot;,&quot;sizes&quot;:[]},&quot;element_pack_global_tooltip_padding&quot;:{&quot;unit&quot;:&quot;px&quot;,&quot;top&quot;:&quot;&quot;,&quot;right&quot;:&quot;&quot;,&quot;bottom&quot;:&quot;&quot;,&quot;left&quot;:&quot;&quot;,&quot;isLinked&quot;:true},&quot;element_pack_global_tooltip_padding_tablet&quot;:{&quot;unit&quot;:&quot;px&quot;,&quot;top&quot;:&quot;&quot;,&quot;right&quot;:&quot;&quot;,&quot;bottom&quot;:&quot;&quot;,&quot;left&quot;:&quot;&quot;,&quot;isLinked&quot;:true},&quot;element_pack_global_tooltip_padding_mobile&quot;:{&quot;unit&quot;:&quot;px&quot;,&quot;top&quot;:&quot;&quot;,&quot;right&quot;:&quot;&quot;,&quot;bottom&quot;:&quot;&quot;,&quot;left&quot;:&quot;&quot;,&quot;isLinked&quot;:true},&quot;element_pack_global_tooltip_border_radius&quot;:{&quot;unit&quot;:&quot;px&quot;,&quot;top&quot;:&quot;&quot;,&quot;right&quot;:&quot;&quot;,&quot;bottom&quot;:&quot;&quot;,&quot;left&quot;:&quot;&quot;,&quot;isLinked&quot;:true},&quot;element_pack_global_tooltip_border_radius_tablet&quot;:{&quot;unit&quot;:&quot;px&quot;,&quot;top&quot;:&quot;&quot;,&quot;right&quot;:&quot;&quot;,&quot;bottom&quot;:&quot;&quot;,&quot;left&quot;:&quot;&quot;,&quot;isLinked&quot;:true},&quot;element_pack_global_tooltip_border_radius_mobile&quot;:{&quot;unit&quot;:&quot;px&quot;,&quot;top&quot;:&quot;&quot;,&quot;right&quot;:&quot;&quot;,&quot;bottom&quot;:&quot;&quot;,&quot;left&quot;:&quot;&quot;,&quot;isLinked&quot;:true}}\" data-elementor-post-type=\"page\">\n\t\t\t\t\t\t<section class=\"elementor-section elementor-top-section elementor-element elementor-element-4a679da6 elementor-section-boxed elementor-section-height-default elementor-section-height-default\" data-id=\"4a679da6\" data-element_type=\"section\" data-e-type=\"section\">\n\t\t\t\t\t\t<div class=\"elementor-container elementor-column-gap-default\">\n\t\t\t\t\t<div class=\"elementor-column elementor-col-100 elementor-top-column elementor-element elementor-element-17660b97\" data-id=\"17660b97\" data-element_type=\"column\" data-e-type=\"column\">\n\t\t\t<div class=\"elementor-widget-wrap elementor-element-populated\">\n\t\t\t\t\t\t<div class=\"elementor-element elementor-element-76fcfc77 elementor-widget elementor-widget-text-editor\" data-id=\"76fcfc77\" data-element_type=\"widget\" data-e-type=\"widget\" data-widget_type=\"text-editor.default\">\n\t\t\t\t<div class=\"elementor-widget-container\">\n\t\t\t\t\t\t\t\t\t\n<div class=\"wp-block-themeisle-blocks-advanced-columns has-undefined-columns has-desktop-undefined-layout has-tablet-equal-layout has-mobile-equal-layout has-default-gap has-vertical-unset\" id=\"wp-block-themeisle-blocks-advanced-columns-f7885d90\"><div class=\"wp-block-themeisle-blocks-advanced-columns-overlay\"><\/div><div class=\"innerblocks-wrap\"><\/div><\/div>\n\t\t\t\t\t\t\t\t<\/div>\n\t\t\t\t<\/div>\n\t\t\t\t\t<\/div>\n\t\t<\/div>\n\t\t\t\t\t<\/div>\n\t\t<\/section>\n\t\t\t\t<section class=\"elementor-section elementor-top-section elementor-element elementor-element-cb0bd19 elementor-section-height-min-height elementor-section-content-middle elementor-section-boxed elementor-section-height-default elementor-section-items-middle\" data-id=\"cb0bd19\" data-element_type=\"section\" data-e-type=\"section\" data-settings=\"{&quot;background_background&quot;:&quot;classic&quot;}\">\n\t\t\t\t\t\t\t<div class=\"elementor-background-overlay\"><\/div>\n\t\t\t\t\t\t\t<div class=\"elementor-container elementor-column-gap-default\">\n\t\t\t\t\t<div class=\"elementor-column elementor-col-100 elementor-top-column elementor-element elementor-element-3b05087\" data-id=\"3b05087\" data-element_type=\"column\" data-e-type=\"column\">\n\t\t\t<div class=\"elementor-widget-wrap elementor-element-populated\">\n\t\t\t\t\t\t<div class=\"elementor-element elementor-element-23366fa elementor-widget elementor-widget-heading\" data-id=\"23366fa\" data-element_type=\"widget\" data-e-type=\"widget\" data-widget_type=\"heading.default\">\n\t\t\t\t<div class=\"elementor-widget-container\">\n\t\t\t\t\t<h2 class=\"elementor-heading-title elementor-size-default\">EQUIPO MULTIMEDIA<\/h2>\t\t\t\t<\/div>\n\t\t\t\t<\/div>\n\t\t\t\t\t<\/div>\n\t\t<\/div>\n\t\t\t\t\t<\/div>\n\t\t<\/section>\n\t\t\t\t<section class=\"elementor-section elementor-top-section elementor-element elementor-element-5f4dc74 elementor-section-boxed elementor-section-height-default elementor-section-height-default\" data-id=\"5f4dc74\" data-element_type=\"section\" data-e-type=\"section\">\n\t\t\t\t\t\t<div class=\"elementor-container elementor-column-gap-default\">\n\t\t\t\t\t<div class=\"elementor-column elementor-col-100 elementor-top-column elementor-element elementor-element-85c5c9f\" data-id=\"85c5c9f\" data-element_type=\"column\" data-e-type=\"column\" data-settings=\"{&quot;background_background&quot;:&quot;classic&quot;}\">\n\t\t\t<div class=\"elementor-widget-wrap elementor-element-populated\">\n\t\t\t\t\t\t<div class=\"elementor-element elementor-element-2780e3f elementor-widget elementor-widget-text-editor\" data-id=\"2780e3f\" data-element_type=\"widget\" data-e-type=\"widget\" data-widget_type=\"text-editor.default\">\n\t\t\t\t<div class=\"elementor-widget-container\">\n\t\t\t\t\t\t\t\t\t<p>Este Equipo se encarga de la Producci\u00f3n y ejecuci\u00f3n de contenido Audiovisual para el Ministerio, el manejo de imagen sonido e iluminaci\u00f3n ademas de otras tareas. A cargo del equipo se encuentra el Pastor Lucas Maggio.<\/p>\n<figure class=\"wp-block-gallery alignwide columns-3 is-cropped\">\n<ul class=\"blocks-gallery-grid\">\n<li class=\"blocks-gallery-item\">\u00a0<\/li>\n<\/ul>\n<\/figure>\t\t\t\t\t\t\t\t<\/div>\n\t\t\t\t<\/div>\n\t\t\t\t\t<\/div>\n\t\t<\/div>\n\t\t\t\t\t<\/div>\n\t\t<\/section>\n\t\t\t\t<section class=\"elementor-section elementor-top-section elementor-element elementor-element-7ae17d6 elementor-section-content-middle elementor-section-boxed elementor-section-height-default elementor-section-height-default\" data-id=\"7ae17d6\" data-element_type=\"section\" data-e-type=\"section\" data-settings=\"{&quot;background_background&quot;:&quot;classic&quot;}\">\n\t\t\t\t\t\t<div class=\"elementor-container elementor-column-gap-default\">\n\t\t\t\t\t<div class=\"elementor-column elementor-col-100 elementor-top-column elementor-element elementor-element-08cdae8\" data-id=\"08cdae8\" data-element_type=\"column\" data-e-type=\"column\" data-settings=\"{&quot;background_background&quot;:&quot;classic&quot;}\">\n\t\t\t<div class=\"elementor-widget-wrap elementor-element-populated\">\n\t\t\t\t\t\t<div class=\"elementor-element elementor-element-9dabf3d elementor-widget elementor-widget-heading\" data-id=\"9dabf3d\" data-element_type=\"widget\" data-e-type=\"widget\" data-widget_type=\"heading.default\">\n\t\t\t\t<div class=\"elementor-widget-container\">\n\t\t\t\t\t<h2 class=\"elementor-heading-title elementor-size-large\"> FOTOS<\/h2>\t\t\t\t<\/div>\n\t\t\t\t<\/div>\n\t\t\t\t<div class=\"elementor-element elementor-element-5883fb9 gallery-spacing-custom elementor-widget elementor-widget-image-gallery\" data-id=\"5883fb9\" data-element_type=\"widget\" data-e-type=\"widget\" data-widget_type=\"image-gallery.default\">\n\t\t\t\t<div class=\"elementor-widget-container\">\n\t\t\t\t\t\t\t<div class=\"elementor-image-gallery\">\n\t\t\t<div id='gallery-1' class='gallery galleryid-1796 gallery-columns-8 gallery-size-thumbnail'><figure class='gallery-item'>\n\t\t\t<div class='gallery-icon landscape'>\n\t\t\t\t<a data-elementor-open-lightbox=\"yes\" data-elementor-lightbox-slideshow=\"5883fb9\" data-elementor-lightbox-title=\"multimedia2\" data-e-action-hash=\"#elementor-action%3Aaction%3Dlightbox%26settings%3DeyJpZCI6MTgwMCwidXJsIjoiaHR0cHM6XC9cL2Rpb3Nlc21pZnVlcnphLm9yZ1wvd2ViXC93cC1jb250ZW50XC91cGxvYWRzXC8yMDIxXC8xMVwvbXVsdGltZWRpYTItMS5qcGVnIiwic2xpZGVzaG93IjoiNTg4M2ZiOSJ9\" href='https:\/\/diosesmifuerza.org\/web\/wp-content\/uploads\/2021\/11\/multimedia2-1.jpeg'><img decoding=\"async\" width=\"150\" height=\"150\" src=\"https:\/\/diosesmifuerza.org\/web\/wp-content\/uploads\/2021\/11\/multimedia2-1-150x150.jpeg\" class=\"attachment-thumbnail size-thumbnail\" alt=\"\" srcset=\"https:\/\/diosesmifuerza.org\/web\/wp-content\/uploads\/2021\/11\/multimedia2-1-150x150.jpeg 150w, https:\/\/diosesmifuerza.org\/web\/wp-content\/uploads\/2021\/11\/multimedia2-1-250x250.jpeg 250w, https:\/\/diosesmifuerza.org\/web\/wp-content\/uploads\/2021\/11\/multimedia2-1-174x174.jpeg 174w, https:\/\/diosesmifuerza.org\/web\/wp-content\/uploads\/2021\/11\/multimedia2-1-45x45.jpeg 45w\" sizes=\"(max-width: 150px) 100vw, 150px\" \/><\/a>\n\t\t\t<\/div><\/figure><figure class='gallery-item'>\n\t\t\t<div class='gallery-icon landscape'>\n\t\t\t\t<a data-elementor-open-lightbox=\"yes\" data-elementor-lightbox-slideshow=\"5883fb9\" data-elementor-lightbox-title=\"multimedia1\" data-e-action-hash=\"#elementor-action%3Aaction%3Dlightbox%26settings%3DeyJpZCI6MTc5OSwidXJsIjoiaHR0cHM6XC9cL2Rpb3Nlc21pZnVlcnphLm9yZ1wvd2ViXC93cC1jb250ZW50XC91cGxvYWRzXC8yMDIxXC8xMVwvbXVsdGltZWRpYTEuanBlZyIsInNsaWRlc2hvdyI6IjU4ODNmYjkifQ%3D%3D\" href='https:\/\/diosesmifuerza.org\/web\/wp-content\/uploads\/2021\/11\/multimedia1.jpeg'><img decoding=\"async\" width=\"150\" height=\"150\" src=\"https:\/\/diosesmifuerza.org\/web\/wp-content\/uploads\/2021\/11\/multimedia1-150x150.jpeg\" class=\"attachment-thumbnail size-thumbnail\" alt=\"\" srcset=\"https:\/\/diosesmifuerza.org\/web\/wp-content\/uploads\/2021\/11\/multimedia1-150x150.jpeg 150w, https:\/\/diosesmifuerza.org\/web\/wp-content\/uploads\/2021\/11\/multimedia1-250x250.jpeg 250w, https:\/\/diosesmifuerza.org\/web\/wp-content\/uploads\/2021\/11\/multimedia1-174x174.jpeg 174w, https:\/\/diosesmifuerza.org\/web\/wp-content\/uploads\/2021\/11\/multimedia1-45x45.jpeg 45w\" sizes=\"(max-width: 150px) 100vw, 150px\" \/><\/a>\n\t\t\t<\/div><\/figure><figure class='gallery-item'>\n\t\t\t<div class='gallery-icon landscape'>\n\t\t\t\t<a data-elementor-open-lightbox=\"yes\" data-elementor-lightbox-slideshow=\"5883fb9\" data-elementor-lightbox-title=\"multimedia3\" data-e-action-hash=\"#elementor-action%3Aaction%3Dlightbox%26settings%3DeyJpZCI6MTgwMiwidXJsIjoiaHR0cHM6XC9cL2Rpb3Nlc21pZnVlcnphLm9yZ1wvd2ViXC93cC1jb250ZW50XC91cGxvYWRzXC8yMDIxXC8xMVwvbXVsdGltZWRpYTMuanBlZyIsInNsaWRlc2hvdyI6IjU4ODNmYjkifQ%3D%3D\" href='https:\/\/diosesmifuerza.org\/web\/wp-content\/uploads\/2021\/11\/multimedia3.jpeg'><img decoding=\"async\" width=\"150\" height=\"150\" src=\"https:\/\/diosesmifuerza.org\/web\/wp-content\/uploads\/2021\/11\/multimedia3-150x150.jpeg\" class=\"attachment-thumbnail size-thumbnail\" alt=\"\" srcset=\"https:\/\/diosesmifuerza.org\/web\/wp-content\/uploads\/2021\/11\/multimedia3-150x150.jpeg 150w, https:\/\/diosesmifuerza.org\/web\/wp-content\/uploads\/2021\/11\/multimedia3-250x250.jpeg 250w, https:\/\/diosesmifuerza.org\/web\/wp-content\/uploads\/2021\/11\/multimedia3-174x174.jpeg 174w, https:\/\/diosesmifuerza.org\/web\/wp-content\/uploads\/2021\/11\/multimedia3-45x45.jpeg 45w\" sizes=\"(max-width: 150px) 100vw, 150px\" \/><\/a>\n\t\t\t<\/div><\/figure>\n\t\t<\/div>\n\t\t<\/div>\n\t\t\t\t\t\t<\/div>\n\t\t\t\t<\/div>\n\t\t\t\t\t<\/div>\n\t\t<\/div>\n\t\t\t\t\t<\/div>\n\t\t<\/section>\n\t\t\t\t<section class=\"elementor-section elementor-top-section elementor-element elementor-element-5088151 elementor-section-height-min-height elementor-section-content-middle elementor-section-boxed elementor-section-height-default elementor-section-items-middle\" data-id=\"5088151\" data-element_type=\"section\" data-e-type=\"section\" data-settings=\"{&quot;background_background&quot;:&quot;classic&quot;}\">\n\t\t\t\t\t\t\t<div class=\"elementor-background-overlay\"><\/div>\n\t\t\t\t\t\t\t<div class=\"elementor-container elementor-column-gap-narrow\">\n\t\t\t\t\t<div class=\"elementor-column elementor-col-50 elementor-top-column elementor-element elementor-element-2ba4eef\" data-id=\"2ba4eef\" data-element_type=\"column\" data-e-type=\"column\">\n\t\t\t<div class=\"elementor-widget-wrap elementor-element-populated\">\n\t\t\t\t\t\t<div class=\"elementor-element elementor-element-628ae63 elementor-widget elementor-widget-text-editor\" data-id=\"628ae63\" data-element_type=\"widget\" data-e-type=\"widget\" data-widget_type=\"text-editor.default\">\n\t\t\t\t<div class=\"elementor-widget-container\">\n\t\t\t\t\t\t\t\t\t<p>Hagan lo que hagan, trabajen de buena gana, como para el Se\u00f1or y no como para nadie en este mundo.<\/p>\t\t\t\t\t\t\t\t<\/div>\n\t\t\t\t<\/div>\n\t\t\t\t\t<\/div>\n\t\t<\/div>\n\t\t\t\t<div class=\"elementor-column elementor-col-50 elementor-top-column elementor-element elementor-element-e8cb8b4\" data-id=\"e8cb8b4\" data-element_type=\"column\" data-e-type=\"column\">\n\t\t\t<div class=\"elementor-widget-wrap elementor-element-populated\">\n\t\t\t\t\t\t<div class=\"elementor-element elementor-element-ef8a44c elementor-widget elementor-widget-heading\" data-id=\"ef8a44c\" data-element_type=\"widget\" data-e-type=\"widget\" data-widget_type=\"heading.default\">\n\t\t\t\t<div class=\"elementor-widget-container\">\n\t\t\t\t\t<h3 class=\"elementor-heading-title elementor-size-large\">COLOSENSES 3:23<\/h3>\t\t\t\t<\/div>\n\t\t\t\t<\/div>\n\t\t\t\t<div class=\"elementor-element elementor-element-fde14bf elementor-widget-divider--view-line elementor-widget elementor-widget-divider\" data-id=\"fde14bf\" data-element_type=\"widget\" data-e-type=\"widget\" data-widget_type=\"divider.default\">\n\t\t\t\t<div class=\"elementor-widget-container\">\n\t\t\t\t\t\t\t<div class=\"elementor-divider\">\n\t\t\t<span class=\"elementor-divider-separator\">\n\t\t\t\t\t\t<\/span>\n\t\t<\/div>\n\t\t\t\t\t\t<\/div>\n\t\t\t\t<\/div>\n\t\t\t\t<div class=\"elementor-element elementor-element-916d090 elementor-widget elementor-widget-text-editor\" data-id=\"916d090\" data-element_type=\"widget\" data-e-type=\"widget\" data-widget_type=\"text-editor.default\">\n\t\t\t\t<div class=\"elementor-widget-container\">\n\t\t\t\t\t\t\t\t\t<p>Nueva Traducci\u00f3n Internacional (NVI)<\/p>\t\t\t\t\t\t\t\t<\/div>\n\t\t\t\t<\/div>\n\t\t\t\t\t<\/div>\n\t\t<\/div>\n\t\t\t\t\t<\/div>\n\t\t<\/section>\n\t\t\t\t<\/div>\n\t\t","protected":false},"excerpt":{"rendered":"<p>EQUIPO MULTIMEDIA Este Equipo se encarga de la Producci\u00f3n y ejecuci\u00f3n de contenido Audiovisual para el Ministerio, el manejo de imagen sonido e iluminaci\u00f3n ademas de otras tareas. A cargo del equipo se encuentra el Pastor Lucas Maggio. \u00a0 FOTOS Hagan lo que hagan, trabajen de buena gana, como para el Se\u00f1or y no como para nadie en este mundo. COLOSENSES 3:23 Nueva Traducci\u00f3n Internacional (NVI)<\/p>\n","protected":false},"author":12,"featured_media":0,"parent":0,"menu_order":0,"comment_status":"closed","ping_status":"closed","template":"","meta":{"footnotes":""},"class_list":["post-1796","page","type-page","status-publish","hentry"],"_links":{"self":[{"href":"https:\/\/diosesmifuerza.org\/web\/wp-json\/wp\/v2\/pages\/1796","targetHints":{"allow":["GET"]}}],"collection":[{"href":"https:\/\/diosesmifuerza.org\/web\/wp-json\/wp\/v2\/pages"}],"about":[{"href":"https:\/\/diosesmifuerza.org\/web\/wp-json\/wp\/v2\/types\/page"}],"author":[{"embeddable":true,"href":"https:\/\/diosesmifuerza.org\/web\/wp-json\/wp\/v2\/users\/12"}],"replies":[{"embeddable":true,"href":"https:\/\/diosesmifuerza.org\/web\/wp-json\/wp\/v2\/comments?post=1796"}],"version-history":[{"count":6,"href":"https:\/\/diosesmifuerza.org\/web\/wp-json\/wp\/v2\/pages\/1796\/revisions"}],"predecessor-version":[{"id":1815,"href":"https:\/\/diosesmifuerza.org\/web\/wp-json\/wp\/v2\/pages\/1796\/revisions\/1815"}],"wp:attachment":[{"href":"https:\/\/diosesmifuerza.org\/web\/wp-json\/wp\/v2\/media?parent=1796"}],"curies":[{"name":"wp","href":"https:\/\/api.w.org\/{rel}","templated":true}]}}