{"id":1698,"date":"2021-05-07T16:12:00","date_gmt":"2021-05-07T16:12:00","guid":{"rendered":"https:\/\/diosesmifuerza.org\/web\/?page_id=1698"},"modified":"2021-05-07T16:14:45","modified_gmt":"2021-05-07T16:14:45","slug":"adoradores-musicos","status":"publish","type":"page","link":"https:\/\/diosesmifuerza.org\/web\/adoradores-musicos\/","title":{"rendered":"Adoradores (m\u00fasicos)"},"content":{"rendered":"\t\t<div data-elementor-type=\"wp-page\" data-elementor-id=\"1698\" class=\"elementor elementor-1698\" data-elementor-settings=\"{&quot;element_pack_global_tooltip_width&quot;:{&quot;unit&quot;:&quot;px&quot;,&quot;size&quot;:&quot;&quot;,&quot;sizes&quot;:[]},&quot;element_pack_global_tooltip_width_tablet&quot;:{&quot;unit&quot;:&quot;px&quot;,&quot;size&quot;:&quot;&quot;,&quot;sizes&quot;:[]},&quot;element_pack_global_tooltip_width_mobile&quot;:{&quot;unit&quot;:&quot;px&quot;,&quot;size&quot;:&quot;&quot;,&quot;sizes&quot;:[]},&quot;element_pack_global_tooltip_padding&quot;:{&quot;unit&quot;:&quot;px&quot;,&quot;top&quot;:&quot;&quot;,&quot;right&quot;:&quot;&quot;,&quot;bottom&quot;:&quot;&quot;,&quot;left&quot;:&quot;&quot;,&quot;isLinked&quot;:true},&quot;element_pack_global_tooltip_padding_tablet&quot;:{&quot;unit&quot;:&quot;px&quot;,&quot;top&quot;:&quot;&quot;,&quot;right&quot;:&quot;&quot;,&quot;bottom&quot;:&quot;&quot;,&quot;left&quot;:&quot;&quot;,&quot;isLinked&quot;:true},&quot;element_pack_global_tooltip_padding_mobile&quot;:{&quot;unit&quot;:&quot;px&quot;,&quot;top&quot;:&quot;&quot;,&quot;right&quot;:&quot;&quot;,&quot;bottom&quot;:&quot;&quot;,&quot;left&quot;:&quot;&quot;,&quot;isLinked&quot;:true},&quot;element_pack_global_tooltip_border_radius&quot;:{&quot;unit&quot;:&quot;px&quot;,&quot;top&quot;:&quot;&quot;,&quot;right&quot;:&quot;&quot;,&quot;bottom&quot;:&quot;&quot;,&quot;left&quot;:&quot;&quot;,&quot;isLinked&quot;:true},&quot;element_pack_global_tooltip_border_radius_tablet&quot;:{&quot;unit&quot;:&quot;px&quot;,&quot;top&quot;:&quot;&quot;,&quot;right&quot;:&quot;&quot;,&quot;bottom&quot;:&quot;&quot;,&quot;left&quot;:&quot;&quot;,&quot;isLinked&quot;:true},&quot;element_pack_global_tooltip_border_radius_mobile&quot;:{&quot;unit&quot;:&quot;px&quot;,&quot;top&quot;:&quot;&quot;,&quot;right&quot;:&quot;&quot;,&quot;bottom&quot;:&quot;&quot;,&quot;left&quot;:&quot;&quot;,&quot;isLinked&quot;:true}}\" data-elementor-post-type=\"page\">\n\t\t\t\t\t\t<section class=\"elementor-section elementor-top-section elementor-element elementor-element-3e23c414 elementor-section-boxed elementor-section-height-default elementor-section-height-default\" data-id=\"3e23c414\" data-element_type=\"section\" data-e-type=\"section\">\n\t\t\t\t\t\t<div class=\"elementor-container elementor-column-gap-default\">\n\t\t\t\t\t<div class=\"elementor-column elementor-col-100 elementor-top-column elementor-element elementor-element-10f1f3ae\" data-id=\"10f1f3ae\" data-element_type=\"column\" data-e-type=\"column\">\n\t\t\t<div class=\"elementor-widget-wrap elementor-element-populated\">\n\t\t\t\t\t\t<div class=\"elementor-element elementor-element-d3d0906 elementor-widget elementor-widget-text-editor\" data-id=\"d3d0906\" data-element_type=\"widget\" data-e-type=\"widget\" data-widget_type=\"text-editor.default\">\n\t\t\t\t<div class=\"elementor-widget-container\">\n\t\t\t\t\t\t\t\t\t\n<div class=\"wp-block-themeisle-blocks-advanced-columns has-undefined-columns has-desktop-undefined-layout has-tablet-equal-layout has-mobile-equal-layout has-default-gap has-vertical-unset\" id=\"wp-block-themeisle-blocks-advanced-columns-c688c56a\"><div class=\"wp-block-themeisle-blocks-advanced-columns-overlay\"><\/div><div class=\"innerblocks-wrap\"><\/div><\/div>\n\t\t\t\t\t\t\t\t<\/div>\n\t\t\t\t<\/div>\n\t\t\t\t\t<\/div>\n\t\t<\/div>\n\t\t\t\t\t<\/div>\n\t\t<\/section>\n\t\t\t\t<section class=\"elementor-section elementor-top-section elementor-element elementor-element-18c8e735 elementor-section-height-min-height elementor-section-content-middle elementor-section-boxed elementor-section-height-default elementor-section-items-middle\" data-id=\"18c8e735\" data-element_type=\"section\" data-e-type=\"section\" data-settings=\"{&quot;background_background&quot;:&quot;classic&quot;}\">\n\t\t\t\t\t\t\t<div class=\"elementor-background-overlay\"><\/div>\n\t\t\t\t\t\t\t<div class=\"elementor-container elementor-column-gap-default\">\n\t\t\t\t\t<div class=\"elementor-column elementor-col-100 elementor-top-column elementor-element elementor-element-2c5367bd\" data-id=\"2c5367bd\" data-element_type=\"column\" data-e-type=\"column\">\n\t\t\t<div class=\"elementor-widget-wrap elementor-element-populated\">\n\t\t\t\t\t\t<div class=\"elementor-element elementor-element-312e3a50 elementor-widget elementor-widget-heading\" data-id=\"312e3a50\" data-element_type=\"widget\" data-e-type=\"widget\" data-widget_type=\"heading.default\">\n\t\t\t\t<div class=\"elementor-widget-container\">\n\t\t\t\t\t<h2 class=\"elementor-heading-title elementor-size-default\">Adoradores (M\u00fasicos)<\/h2>\t\t\t\t<\/div>\n\t\t\t\t<\/div>\n\t\t\t\t\t<\/div>\n\t\t<\/div>\n\t\t\t\t\t<\/div>\n\t\t<\/section>\n\t\t\t\t<section class=\"elementor-section elementor-top-section elementor-element elementor-element-fc07f27 elementor-section-boxed elementor-section-height-default elementor-section-height-default\" data-id=\"fc07f27\" data-element_type=\"section\" data-e-type=\"section\">\n\t\t\t\t\t\t<div class=\"elementor-container elementor-column-gap-default\">\n\t\t\t\t\t<div class=\"elementor-column elementor-col-100 elementor-top-column elementor-element elementor-element-7ebfa77\" data-id=\"7ebfa77\" data-element_type=\"column\" data-e-type=\"column\" data-settings=\"{&quot;background_background&quot;:&quot;classic&quot;}\">\n\t\t\t<div class=\"elementor-widget-wrap elementor-element-populated\">\n\t\t\t\t\t\t<div class=\"elementor-element elementor-element-07b9410 elementor-widget elementor-widget-text-editor\" data-id=\"07b9410\" data-element_type=\"widget\" data-e-type=\"widget\" data-widget_type=\"text-editor.default\">\n\t\t\t\t<div class=\"elementor-widget-container\">\n\t\t\t\t\t\t\t\t\t<p>Este ministerio se encarga de la Alabanza y Adoraci\u00f3n en el ministerio. Forma adoradores para que no solamente crezcan profesionalmente, sino en cuanto a sus talentos para dejarlo impregnado en otros disc\u00edpulos. Dicho Ministerio es dirigido por los Pastores Pablo y Laura Laruccia.<\/p>\n<figure class=\"wp-block-gallery alignwide columns-3 is-cropped\">\n<ul class=\"blocks-gallery-grid\">\n<li class=\"blocks-gallery-item\">\u00a0<\/li>\n<\/ul>\n<\/figure>\t\t\t\t\t\t\t\t<\/div>\n\t\t\t\t<\/div>\n\t\t\t\t\t<\/div>\n\t\t<\/div>\n\t\t\t\t\t<\/div>\n\t\t<\/section>\n\t\t\t\t<section class=\"elementor-section elementor-top-section elementor-element elementor-element-db60bd0 elementor-section-content-middle elementor-section-boxed elementor-section-height-default elementor-section-height-default\" data-id=\"db60bd0\" data-element_type=\"section\" data-e-type=\"section\" data-settings=\"{&quot;background_background&quot;:&quot;classic&quot;}\">\n\t\t\t\t\t\t<div class=\"elementor-container elementor-column-gap-default\">\n\t\t\t\t\t<div class=\"elementor-column elementor-col-100 elementor-top-column elementor-element elementor-element-16b5192\" data-id=\"16b5192\" data-element_type=\"column\" data-e-type=\"column\" data-settings=\"{&quot;background_background&quot;:&quot;classic&quot;}\">\n\t\t\t<div class=\"elementor-widget-wrap elementor-element-populated\">\n\t\t\t\t\t\t<div class=\"elementor-element elementor-element-a3f164d elementor-widget elementor-widget-heading\" data-id=\"a3f164d\" data-element_type=\"widget\" data-e-type=\"widget\" data-widget_type=\"heading.default\">\n\t\t\t\t<div class=\"elementor-widget-container\">\n\t\t\t\t\t<h2 class=\"elementor-heading-title elementor-size-large\"> FOTOS<\/h2>\t\t\t\t<\/div>\n\t\t\t\t<\/div>\n\t\t\t\t<div class=\"elementor-element elementor-element-1c7d935 elementor-widget-divider--view-line elementor-widget elementor-widget-divider\" data-id=\"1c7d935\" data-element_type=\"widget\" data-e-type=\"widget\" data-widget_type=\"divider.default\">\n\t\t\t\t<div class=\"elementor-widget-container\">\n\t\t\t\t\t\t\t<div class=\"elementor-divider\">\n\t\t\t<span class=\"elementor-divider-separator\">\n\t\t\t\t\t\t<\/span>\n\t\t<\/div>\n\t\t\t\t\t\t<\/div>\n\t\t\t\t<\/div>\n\t\t\t\t<div class=\"elementor-element elementor-element-5a6fdbc elementor-widget elementor-widget-text-editor\" data-id=\"5a6fdbc\" data-element_type=\"widget\" data-e-type=\"widget\" data-widget_type=\"text-editor.default\">\n\t\t\t\t<div class=\"elementor-widget-container\">\n\t\t\t\t\t\t\t\t\t<p>Aqu\u00ed encontraras algunas fotos de aquellas actividades que realizamos con el departamento de Adoradores (m\u00fasicos)\u00a0<\/p>\t\t\t\t\t\t\t\t<\/div>\n\t\t\t\t<\/div>\n\t\t\t\t\t<\/div>\n\t\t<\/div>\n\t\t\t\t\t<\/div>\n\t\t<\/section>\n\t\t\t\t<section class=\"elementor-section elementor-top-section elementor-element elementor-element-3330248 elementor-section-boxed elementor-section-height-default elementor-section-height-default\" data-id=\"3330248\" data-element_type=\"section\" data-e-type=\"section\" data-settings=\"{&quot;background_background&quot;:&quot;classic&quot;}\">\n\t\t\t\t\t\t<div class=\"elementor-container elementor-column-gap-default\">\n\t\t\t\t\t<div class=\"elementor-column elementor-col-100 elementor-top-column elementor-element elementor-element-186fae0\" data-id=\"186fae0\" data-element_type=\"column\" data-e-type=\"column\" data-settings=\"{&quot;background_background&quot;:&quot;classic&quot;}\">\n\t\t\t<div class=\"elementor-widget-wrap elementor-element-populated\">\n\t\t\t\t\t\t<div class=\"elementor-element elementor-element-543820f gallery-spacing-custom elementor-widget elementor-widget-image-gallery\" data-id=\"543820f\" data-element_type=\"widget\" data-e-type=\"widget\" data-widget_type=\"image-gallery.default\">\n\t\t\t\t<div class=\"elementor-widget-container\">\n\t\t\t\t\t\t\t<div class=\"elementor-image-gallery\">\n\t\t\t<div id='gallery-1' class='gallery galleryid-1698 gallery-columns-8 gallery-size-thumbnail'><figure class='gallery-item'>\n\t\t\t<div class='gallery-icon landscape'>\n\t\t\t\t<a data-elementor-open-lightbox=\"yes\" data-elementor-lightbox-slideshow=\"543820f\" data-elementor-lightbox-title=\"DSCN0893\" data-e-action-hash=\"#elementor-action%3Aaction%3Dlightbox%26settings%3DeyJpZCI6NzEwLCJ1cmwiOiJodHRwczpcL1wvZGlvc2VzbWlmdWVyemEub3JnXC93ZWJcL3dwLWNvbnRlbnRcL3VwbG9hZHNcLzIwMTlcLzA4XC9EU0NOMDg5My1zY2FsZWQuanBnIiwic2xpZGVzaG93IjoiNTQzODIwZiJ9\" href='https:\/\/diosesmifuerza.org\/web\/wp-content\/uploads\/2019\/08\/DSCN0893-scaled.jpg'><img decoding=\"async\" width=\"150\" height=\"150\" src=\"https:\/\/diosesmifuerza.org\/web\/wp-content\/uploads\/2019\/08\/DSCN0893-150x150.jpg\" class=\"attachment-thumbnail size-thumbnail\" alt=\"\" srcset=\"https:\/\/diosesmifuerza.org\/web\/wp-content\/uploads\/2019\/08\/DSCN0893-150x150.jpg 150w, https:\/\/diosesmifuerza.org\/web\/wp-content\/uploads\/2019\/08\/DSCN0893-scaled-100x100.jpg 100w\" sizes=\"(max-width: 150px) 100vw, 150px\" \/><\/a>\n\t\t\t<\/div><\/figure><figure class='gallery-item'>\n\t\t\t<div class='gallery-icon portrait'>\n\t\t\t\t<a data-elementor-open-lightbox=\"yes\" data-elementor-lightbox-slideshow=\"543820f\" data-elementor-lightbox-title=\"DSC_0061\" data-e-action-hash=\"#elementor-action%3Aaction%3Dlightbox%26settings%3DeyJpZCI6NzA5LCJ1cmwiOiJodHRwczpcL1wvZGlvc2VzbWlmdWVyemEub3JnXC93ZWJcL3dwLWNvbnRlbnRcL3VwbG9hZHNcLzIwMTlcLzA4XC9EU0NfMDA2MS1zY2FsZWQuanBnIiwic2xpZGVzaG93IjoiNTQzODIwZiJ9\" href='https:\/\/diosesmifuerza.org\/web\/wp-content\/uploads\/2019\/08\/DSC_0061-scaled.jpg'><img decoding=\"async\" width=\"150\" height=\"150\" src=\"https:\/\/diosesmifuerza.org\/web\/wp-content\/uploads\/2019\/08\/DSC_0061-150x150.jpg\" class=\"attachment-thumbnail size-thumbnail\" alt=\"\" srcset=\"https:\/\/diosesmifuerza.org\/web\/wp-content\/uploads\/2019\/08\/DSC_0061-150x150.jpg 150w, https:\/\/diosesmifuerza.org\/web\/wp-content\/uploads\/2019\/08\/DSC_0061-scaled-100x100.jpg 100w\" sizes=\"(max-width: 150px) 100vw, 150px\" \/><\/a>\n\t\t\t<\/div><\/figure><figure class='gallery-item'>\n\t\t\t<div class='gallery-icon portrait'>\n\t\t\t\t<a data-elementor-open-lightbox=\"yes\" data-elementor-lightbox-slideshow=\"543820f\" data-elementor-lightbox-title=\"DSC_0059\" data-e-action-hash=\"#elementor-action%3Aaction%3Dlightbox%26settings%3DeyJpZCI6NzA4LCJ1cmwiOiJodHRwczpcL1wvZGlvc2VzbWlmdWVyemEub3JnXC93ZWJcL3dwLWNvbnRlbnRcL3VwbG9hZHNcLzIwMTlcLzA4XC9EU0NfMDA1OS1zY2FsZWQuanBnIiwic2xpZGVzaG93IjoiNTQzODIwZiJ9\" href='https:\/\/diosesmifuerza.org\/web\/wp-content\/uploads\/2019\/08\/DSC_0059-scaled.jpg'><img decoding=\"async\" width=\"150\" height=\"150\" src=\"https:\/\/diosesmifuerza.org\/web\/wp-content\/uploads\/2019\/08\/DSC_0059-150x150.jpg\" class=\"attachment-thumbnail size-thumbnail\" alt=\"\" srcset=\"https:\/\/diosesmifuerza.org\/web\/wp-content\/uploads\/2019\/08\/DSC_0059-150x150.jpg 150w, https:\/\/diosesmifuerza.org\/web\/wp-content\/uploads\/2019\/08\/DSC_0059-scaled-100x100.jpg 100w\" sizes=\"(max-width: 150px) 100vw, 150px\" \/><\/a>\n\t\t\t<\/div><\/figure><figure class='gallery-item'>\n\t\t\t<div class='gallery-icon portrait'>\n\t\t\t\t<a data-elementor-open-lightbox=\"yes\" data-elementor-lightbox-slideshow=\"543820f\" data-elementor-lightbox-title=\"DSC_0058\" data-e-action-hash=\"#elementor-action%3Aaction%3Dlightbox%26settings%3DeyJpZCI6NzA3LCJ1cmwiOiJodHRwczpcL1wvZGlvc2VzbWlmdWVyemEub3JnXC93ZWJcL3dwLWNvbnRlbnRcL3VwbG9hZHNcLzIwMTlcLzA4XC9EU0NfMDA1OC1zY2FsZWQuanBnIiwic2xpZGVzaG93IjoiNTQzODIwZiJ9\" href='https:\/\/diosesmifuerza.org\/web\/wp-content\/uploads\/2019\/08\/DSC_0058-scaled.jpg'><img loading=\"lazy\" decoding=\"async\" width=\"150\" height=\"150\" src=\"https:\/\/diosesmifuerza.org\/web\/wp-content\/uploads\/2019\/08\/DSC_0058-150x150.jpg\" class=\"attachment-thumbnail size-thumbnail\" alt=\"\" srcset=\"https:\/\/diosesmifuerza.org\/web\/wp-content\/uploads\/2019\/08\/DSC_0058-150x150.jpg 150w, https:\/\/diosesmifuerza.org\/web\/wp-content\/uploads\/2019\/08\/DSC_0058-scaled-100x100.jpg 100w\" sizes=\"(max-width: 150px) 100vw, 150px\" \/><\/a>\n\t\t\t<\/div><\/figure><figure class='gallery-item'>\n\t\t\t<div class='gallery-icon portrait'>\n\t\t\t\t<a data-elementor-open-lightbox=\"yes\" data-elementor-lightbox-slideshow=\"543820f\" data-elementor-lightbox-title=\"DSC_0056\" data-e-action-hash=\"#elementor-action%3Aaction%3Dlightbox%26settings%3DeyJpZCI6NzA2LCJ1cmwiOiJodHRwczpcL1wvZGlvc2VzbWlmdWVyemEub3JnXC93ZWJcL3dwLWNvbnRlbnRcL3VwbG9hZHNcLzIwMTlcLzA4XC9EU0NfMDA1Ni1zY2FsZWQuanBnIiwic2xpZGVzaG93IjoiNTQzODIwZiJ9\" href='https:\/\/diosesmifuerza.org\/web\/wp-content\/uploads\/2019\/08\/DSC_0056-scaled.jpg'><img loading=\"lazy\" decoding=\"async\" width=\"150\" height=\"150\" src=\"https:\/\/diosesmifuerza.org\/web\/wp-content\/uploads\/2019\/08\/DSC_0056-150x150.jpg\" class=\"attachment-thumbnail size-thumbnail\" alt=\"\" srcset=\"https:\/\/diosesmifuerza.org\/web\/wp-content\/uploads\/2019\/08\/DSC_0056-150x150.jpg 150w, https:\/\/diosesmifuerza.org\/web\/wp-content\/uploads\/2019\/08\/DSC_0056-scaled-100x100.jpg 100w\" sizes=\"(max-width: 150px) 100vw, 150px\" \/><\/a>\n\t\t\t<\/div><\/figure><figure class='gallery-item'>\n\t\t\t<div class='gallery-icon landscape'>\n\t\t\t\t<a data-elementor-open-lightbox=\"yes\" data-elementor-lightbox-slideshow=\"543820f\" data-elementor-lightbox-title=\"DSC_0051\" data-e-action-hash=\"#elementor-action%3Aaction%3Dlightbox%26settings%3DeyJpZCI6NzA0LCJ1cmwiOiJodHRwczpcL1wvZGlvc2VzbWlmdWVyemEub3JnXC93ZWJcL3dwLWNvbnRlbnRcL3VwbG9hZHNcLzIwMTlcLzA4XC9EU0NfMDA1MS1zY2FsZWQuanBnIiwic2xpZGVzaG93IjoiNTQzODIwZiJ9\" href='https:\/\/diosesmifuerza.org\/web\/wp-content\/uploads\/2019\/08\/DSC_0051-scaled.jpg'><img loading=\"lazy\" decoding=\"async\" width=\"150\" height=\"150\" src=\"https:\/\/diosesmifuerza.org\/web\/wp-content\/uploads\/2019\/08\/DSC_0051-150x150.jpg\" class=\"attachment-thumbnail size-thumbnail\" alt=\"\" srcset=\"https:\/\/diosesmifuerza.org\/web\/wp-content\/uploads\/2019\/08\/DSC_0051-150x150.jpg 150w, https:\/\/diosesmifuerza.org\/web\/wp-content\/uploads\/2019\/08\/DSC_0051-100x100.jpg 100w\" sizes=\"(max-width: 150px) 100vw, 150px\" \/><\/a>\n\t\t\t<\/div><\/figure><figure class='gallery-item'>\n\t\t\t<div class='gallery-icon portrait'>\n\t\t\t\t<a data-elementor-open-lightbox=\"yes\" data-elementor-lightbox-slideshow=\"543820f\" data-elementor-lightbox-title=\"DSC_0053\" data-e-action-hash=\"#elementor-action%3Aaction%3Dlightbox%26settings%3DeyJpZCI6NzA1LCJ1cmwiOiJodHRwczpcL1wvZGlvc2VzbWlmdWVyemEub3JnXC93ZWJcL3dwLWNvbnRlbnRcL3VwbG9hZHNcLzIwMTlcLzA4XC9EU0NfMDA1My1zY2FsZWQuanBnIiwic2xpZGVzaG93IjoiNTQzODIwZiJ9\" href='https:\/\/diosesmifuerza.org\/web\/wp-content\/uploads\/2019\/08\/DSC_0053-scaled.jpg'><img loading=\"lazy\" decoding=\"async\" width=\"150\" height=\"150\" src=\"https:\/\/diosesmifuerza.org\/web\/wp-content\/uploads\/2019\/08\/DSC_0053-150x150.jpg\" class=\"attachment-thumbnail size-thumbnail\" alt=\"\" srcset=\"https:\/\/diosesmifuerza.org\/web\/wp-content\/uploads\/2019\/08\/DSC_0053-150x150.jpg 150w, https:\/\/diosesmifuerza.org\/web\/wp-content\/uploads\/2019\/08\/DSC_0053-100x100.jpg 100w\" sizes=\"(max-width: 150px) 100vw, 150px\" \/><\/a>\n\t\t\t<\/div><\/figure><figure class='gallery-item'>\n\t\t\t<div class='gallery-icon landscape'>\n\t\t\t\t<a data-elementor-open-lightbox=\"yes\" data-elementor-lightbox-slideshow=\"543820f\" data-elementor-lightbox-title=\"musicos-1\" data-e-action-hash=\"#elementor-action%3Aaction%3Dlightbox%26settings%3DeyJpZCI6NzExLCJ1cmwiOiJodHRwczpcL1wvZGlvc2VzbWlmdWVyemEub3JnXC93ZWJcL3dwLWNvbnRlbnRcL3VwbG9hZHNcLzIwMTlcLzA4XC9tdXNpY29zLTEtc2NhbGVkLmpwZyIsInNsaWRlc2hvdyI6IjU0MzgyMGYifQ%3D%3D\" href='https:\/\/diosesmifuerza.org\/web\/wp-content\/uploads\/2019\/08\/musicos-1-scaled.jpg'><img loading=\"lazy\" decoding=\"async\" width=\"150\" height=\"150\" src=\"https:\/\/diosesmifuerza.org\/web\/wp-content\/uploads\/2019\/08\/musicos-1-150x150.jpg\" class=\"attachment-thumbnail size-thumbnail\" alt=\"\" srcset=\"https:\/\/diosesmifuerza.org\/web\/wp-content\/uploads\/2019\/08\/musicos-1-150x150.jpg 150w, https:\/\/diosesmifuerza.org\/web\/wp-content\/uploads\/2019\/08\/musicos-1-scaled-100x100.jpg 100w\" sizes=\"(max-width: 150px) 100vw, 150px\" \/><\/a>\n\t\t\t<\/div><\/figure>\n\t\t<\/div>\n\t\t<\/div>\n\t\t\t\t\t\t<\/div>\n\t\t\t\t<\/div>\n\t\t\t\t\t<\/div>\n\t\t<\/div>\n\t\t\t\t\t<\/div>\n\t\t<\/section>\n\t\t\t\t<section class=\"elementor-section elementor-top-section elementor-element elementor-element-3bb4d4d elementor-section-height-min-height elementor-section-content-middle elementor-section-boxed elementor-section-height-default elementor-section-items-middle\" data-id=\"3bb4d4d\" data-element_type=\"section\" data-e-type=\"section\" data-settings=\"{&quot;background_background&quot;:&quot;classic&quot;}\">\n\t\t\t\t\t\t\t<div class=\"elementor-background-overlay\"><\/div>\n\t\t\t\t\t\t\t<div class=\"elementor-container elementor-column-gap-narrow\">\n\t\t\t\t\t<div class=\"elementor-column elementor-col-50 elementor-top-column elementor-element elementor-element-9a5c84a\" data-id=\"9a5c84a\" data-element_type=\"column\" data-e-type=\"column\">\n\t\t\t<div class=\"elementor-widget-wrap elementor-element-populated\">\n\t\t\t\t\t\t<div class=\"elementor-element elementor-element-b7f1ce2 elementor-widget elementor-widget-text-editor\" data-id=\"b7f1ce2\" data-element_type=\"widget\" data-e-type=\"widget\" data-widget_type=\"text-editor.default\">\n\t\t\t\t<div class=\"elementor-widget-container\">\n\t\t\t\t\t\t\t\t\t<p><span id=\"es-NTV-16155\" class=\"text Ps-135-3\">Alaben al\u00a0<span class=\"small-caps divine-name\">Se\u00f1or<\/span>, porque el\u00a0<span class=\"small-caps divine-name\">Se\u00f1or<\/span>\u00a0es bueno;<\/span><br \/><span class=\"indent-1\"><span class=\"indent-1-breaks\">\u00a0\u00a0\u00a0\u00a0<\/span><span class=\"text Ps-135-3\">celebren con m\u00fasica su precioso nombre.<\/span><\/span><\/p>\t\t\t\t\t\t\t\t<\/div>\n\t\t\t\t<\/div>\n\t\t\t\t\t<\/div>\n\t\t<\/div>\n\t\t\t\t<div class=\"elementor-column elementor-col-50 elementor-top-column elementor-element elementor-element-f34ec3b\" data-id=\"f34ec3b\" data-element_type=\"column\" data-e-type=\"column\">\n\t\t\t<div class=\"elementor-widget-wrap elementor-element-populated\">\n\t\t\t\t\t\t<div class=\"elementor-element elementor-element-70a59a6 elementor-widget elementor-widget-heading\" data-id=\"70a59a6\" data-element_type=\"widget\" data-e-type=\"widget\" data-widget_type=\"heading.default\">\n\t\t\t\t<div class=\"elementor-widget-container\">\n\t\t\t\t\t<h3 class=\"elementor-heading-title elementor-size-large\">Eclesiast\u00e9s 11:9-10<\/h3>\t\t\t\t<\/div>\n\t\t\t\t<\/div>\n\t\t\t\t<div class=\"elementor-element elementor-element-9e230e3 elementor-widget-divider--view-line elementor-widget elementor-widget-divider\" data-id=\"9e230e3\" data-element_type=\"widget\" data-e-type=\"widget\" data-widget_type=\"divider.default\">\n\t\t\t\t<div class=\"elementor-widget-container\">\n\t\t\t\t\t\t\t<div class=\"elementor-divider\">\n\t\t\t<span class=\"elementor-divider-separator\">\n\t\t\t\t\t\t<\/span>\n\t\t<\/div>\n\t\t\t\t\t\t<\/div>\n\t\t\t\t<\/div>\n\t\t\t\t<div class=\"elementor-element elementor-element-b3b36cb elementor-widget elementor-widget-text-editor\" data-id=\"b3b36cb\" data-element_type=\"widget\" data-e-type=\"widget\" data-widget_type=\"text-editor.default\">\n\t\t\t\t<div class=\"elementor-widget-container\">\n\t\t\t\t\t\t\t\t\t<p>Nueva Traducci\u00f3n Viviente (NTV)<\/p>\t\t\t\t\t\t\t\t<\/div>\n\t\t\t\t<\/div>\n\t\t\t\t\t<\/div>\n\t\t<\/div>\n\t\t\t\t\t<\/div>\n\t\t<\/section>\n\t\t\t\t<\/div>\n\t\t","protected":false},"excerpt":{"rendered":"<p>Adoradores (M\u00fasicos) Este ministerio se encarga de la Alabanza y Adoraci\u00f3n en el ministerio. Forma adoradores para que no solamente crezcan profesionalmente, sino en cuanto a sus talentos para dejarlo impregnado en otros disc\u00edpulos. Dicho Ministerio es dirigido por los Pastores Pablo y Laura Laruccia. \u00a0 FOTOS Aqu\u00ed encontraras algunas fotos de aquellas actividades que realizamos con el departamento de Adoradores (m\u00fasicos)\u00a0 Alaben al\u00a0Se\u00f1or, porque el\u00a0Se\u00f1or\u00a0es bueno;\u00a0\u00a0\u00a0\u00a0celebren con m\u00fasica su precioso nombre. Eclesiast\u00e9s 11:9-10 Nueva Traducci\u00f3n Viviente (NTV)<\/p>\n","protected":false},"author":12,"featured_media":0,"parent":0,"menu_order":0,"comment_status":"closed","ping_status":"closed","template":"","meta":{"footnotes":""},"class_list":["post-1698","page","type-page","status-publish","hentry"],"_links":{"self":[{"href":"https:\/\/diosesmifuerza.org\/web\/wp-json\/wp\/v2\/pages\/1698","targetHints":{"allow":["GET"]}}],"collection":[{"href":"https:\/\/diosesmifuerza.org\/web\/wp-json\/wp\/v2\/pages"}],"about":[{"href":"https:\/\/diosesmifuerza.org\/web\/wp-json\/wp\/v2\/types\/page"}],"author":[{"embeddable":true,"href":"https:\/\/diosesmifuerza.org\/web\/wp-json\/wp\/v2\/users\/12"}],"replies":[{"embeddable":true,"href":"https:\/\/diosesmifuerza.org\/web\/wp-json\/wp\/v2\/comments?post=1698"}],"version-history":[{"count":5,"href":"https:\/\/diosesmifuerza.org\/web\/wp-json\/wp\/v2\/pages\/1698\/revisions"}],"predecessor-version":[{"id":1704,"href":"https:\/\/diosesmifuerza.org\/web\/wp-json\/wp\/v2\/pages\/1698\/revisions\/1704"}],"wp:attachment":[{"href":"https:\/\/diosesmifuerza.org\/web\/wp-json\/wp\/v2\/media?parent=1698"}],"curies":[{"name":"wp","href":"https:\/\/api.w.org\/{rel}","templated":true}]}}