{"id":14520,"date":"2023-10-11T20:13:11","date_gmt":"2023-10-11T20:13:11","guid":{"rendered":"https:\/\/diosesmifuerza.org\/universidad\/?page_id=14520"},"modified":"2023-10-11T20:53:36","modified_gmt":"2023-10-11T20:53:36","slug":"detalles-armas-espirituales","status":"publish","type":"page","link":"https:\/\/diosesmifuerza.org\/universidad\/detalles-armas-espirituales\/","title":{"rendered":"Detalles Armas Espirituales"},"content":{"rendered":"\t\t<div data-elementor-type=\"wp-page\" data-elementor-id=\"14520\" class=\"elementor elementor-14520\" data-elementor-post-type=\"page\">\n\t\t\t\t\t\t<header class=\"elementor-section elementor-top-section elementor-element elementor-element-28528c8 elementor-section-full_width elementor-section-height-min-height elementor-section-items-bottom elementor-section-height-default elementor-invisible\" data-id=\"28528c8\" data-element_type=\"section\" data-e-type=\"section\" data-settings=\"{&quot;background_background&quot;:&quot;classic&quot;,&quot;animation&quot;:&quot;fadeIn&quot;,&quot;animation_delay&quot;:50}\">\n\t\t\t\t\t\t\t<div class=\"elementor-background-overlay\"><\/div>\n\t\t\t\t\t\t\t<div class=\"elementor-container elementor-column-gap-no\">\n\t\t\t\t\t<div class=\"elementor-column elementor-col-100 elementor-top-column elementor-element elementor-element-af2c746\" data-id=\"af2c746\" data-element_type=\"column\" data-e-type=\"column\">\n\t\t\t<div class=\"elementor-widget-wrap elementor-element-populated\">\n\t\t\t\t\t\t<section class=\"elementor-section elementor-inner-section elementor-element elementor-element-5352786 elementor-section-content-bottom elementor-section-boxed elementor-section-height-default elementor-section-height-default\" data-id=\"5352786\" data-element_type=\"section\" data-e-type=\"section\">\n\t\t\t\t\t\t<div class=\"elementor-container elementor-column-gap-default\">\n\t\t\t\t\t<div class=\"elementor-column elementor-col-100 elementor-inner-column elementor-element elementor-element-0cccd7e\" data-id=\"0cccd7e\" data-element_type=\"column\" data-e-type=\"column\">\n\t\t\t<div class=\"elementor-widget-wrap elementor-element-populated\">\n\t\t\t\t\t\t<div class=\"elementor-element elementor-element-05d458b elementor-invisible elementor-widget elementor-widget-heading\" data-id=\"05d458b\" data-element_type=\"widget\" data-e-type=\"widget\" data-settings=\"{&quot;_animation&quot;:&quot;fadeIn&quot;,&quot;_animation_delay&quot;:100}\" data-widget_type=\"heading.default\">\n\t\t\t\t<div class=\"elementor-widget-container\">\n\t\t\t\t\t<h1 class=\"elementor-heading-title elementor-size-default\">detalles del curso<\/h1>\t\t\t\t<\/div>\n\t\t\t\t<\/div>\n\t\t\t\t<div class=\"elementor-element elementor-element-ef06cbc elementor-invisible elementor-widget elementor-widget-text-editor\" data-id=\"ef06cbc\" data-element_type=\"widget\" data-e-type=\"widget\" data-settings=\"{&quot;_animation&quot;:&quot;fadeIn&quot;,&quot;_animation_delay&quot;:200}\" data-widget_type=\"text-editor.default\">\n\t\t\t\t<div class=\"elementor-widget-container\">\n\t\t\t\t\t\t\t\t\t<p><span style=\"vertical-align: inherit;\"><span style=\"vertical-align: inherit;\">Un breve resumen del curso con los temas y lecciones que contiene dicho curso.<\/span><\/span><\/p>\t\t\t\t\t\t\t\t<\/div>\n\t\t\t\t<\/div>\n\t\t\t\t\t<\/div>\n\t\t<\/div>\n\t\t\t\t\t<\/div>\n\t\t<\/section>\n\t\t\t\t\t<\/div>\n\t\t<\/div>\n\t\t\t\t\t<\/div>\n\t\t<\/header>\n\t\t\t\t<section class=\"elementor-section elementor-top-section elementor-element elementor-element-73ef6d3 elementor-section-boxed elementor-section-height-default elementor-section-height-default\" data-id=\"73ef6d3\" data-element_type=\"section\" data-e-type=\"section\">\n\t\t\t\t\t\t<div class=\"elementor-container elementor-column-gap-default\">\n\t\t\t\t\t<div class=\"elementor-column elementor-col-100 elementor-top-column elementor-element elementor-element-4ba4aba\" data-id=\"4ba4aba\" data-element_type=\"column\" data-e-type=\"column\">\n\t\t\t<div class=\"elementor-widget-wrap elementor-element-populated\">\n\t\t\t\t\t\t<div class=\"elementor-element elementor-element-a92e1d8 elementor-widget elementor-widget-spacer\" data-id=\"a92e1d8\" data-element_type=\"widget\" data-e-type=\"widget\" data-widget_type=\"spacer.default\">\n\t\t\t\t<div class=\"elementor-widget-container\">\n\t\t\t\t\t\t\t<div class=\"elementor-spacer\">\n\t\t\t<div class=\"elementor-spacer-inner\"><\/div>\n\t\t<\/div>\n\t\t\t\t\t\t<\/div>\n\t\t\t\t<\/div>\n\t\t\t\t\t<\/div>\n\t\t<\/div>\n\t\t\t\t\t<\/div>\n\t\t<\/section>\n\t\t\t\t<section class=\"elementor-section elementor-top-section elementor-element elementor-element-8f92094 elementor-section-boxed elementor-section-height-default elementor-section-height-default\" data-id=\"8f92094\" data-element_type=\"section\" data-e-type=\"section\" data-settings=\"{&quot;background_background&quot;:&quot;classic&quot;}\">\n\t\t\t\t\t\t\t<div class=\"elementor-background-overlay\"><\/div>\n\t\t\t\t\t\t\t<div class=\"elementor-container elementor-column-gap-default\">\n\t\t\t\t\t<div class=\"elementor-column elementor-col-100 elementor-top-column elementor-element elementor-element-36f3727 elementor-invisible\" data-id=\"36f3727\" data-element_type=\"column\" data-e-type=\"column\" data-settings=\"{&quot;animation&quot;:&quot;fadeIn&quot;}\">\n\t\t\t<div class=\"elementor-widget-wrap elementor-element-populated\">\n\t\t\t\t\t\t<div class=\"elementor-element elementor-element-58c615c elementor-invisible elementor-widget elementor-widget-heading\" data-id=\"58c615c\" data-element_type=\"widget\" data-e-type=\"widget\" data-settings=\"{&quot;_animation&quot;:&quot;fadeIn&quot;}\" data-widget_type=\"heading.default\">\n\t\t\t\t<div class=\"elementor-widget-container\">\n\t\t\t\t\t<h1 class=\"elementor-heading-title elementor-size-default\">armas espirituales<\/h1>\t\t\t\t<\/div>\n\t\t\t\t<\/div>\n\t\t\t\t\t<\/div>\n\t\t<\/div>\n\t\t\t\t<div class=\"elementor-column elementor-col-100 elementor-top-column elementor-element elementor-element-7a5a722 elementor-invisible\" data-id=\"7a5a722\" data-element_type=\"column\" data-e-type=\"column\" data-settings=\"{&quot;animation&quot;:&quot;fadeIn&quot;,&quot;animation_delay&quot;:150}\">\n\t\t\t<div class=\"elementor-widget-wrap elementor-element-populated\">\n\t\t\t\t\t\t<div class=\"elementor-element elementor-element-5758c6e elementor-align-right elementor-tablet-align-center elementor-invisible elementor-widget elementor-widget-button\" data-id=\"5758c6e\" data-element_type=\"widget\" data-e-type=\"widget\" data-settings=\"{&quot;_animation&quot;:&quot;fadeInRight&quot;,&quot;_animation_delay&quot;:200}\" data-widget_type=\"button.default\">\n\t\t\t\t<div class=\"elementor-widget-container\">\n\t\t\t\t\t\t\t\t\t<div class=\"elementor-button-wrapper\">\n\t\t\t\t\t<a class=\"elementor-button elementor-button-link elementor-size-sm\" href=\"https:\/\/diosesmifuerza.org\/universidad\/tutor-login\/\" target=\"_blank\">\n\t\t\t\t\t\t<span class=\"elementor-button-content-wrapper\">\n\t\t\t\t\t\t\t\t\t<span class=\"elementor-button-text\">acceder<\/span>\n\t\t\t\t\t<\/span>\n\t\t\t\t\t<\/a>\n\t\t\t\t<\/div>\n\t\t\t\t\t\t\t\t<\/div>\n\t\t\t\t<\/div>\n\t\t\t\t\t<\/div>\n\t\t<\/div>\n\t\t\t\t\t<\/div>\n\t\t<\/section>\n\t\t\t\t<section class=\"elementor-section elementor-top-section elementor-element elementor-element-366d78c elementor-reverse-mobile elementor-section-boxed elementor-section-height-default elementor-section-height-default\" data-id=\"366d78c\" data-element_type=\"section\" data-e-type=\"section\" data-settings=\"{&quot;background_background&quot;:&quot;classic&quot;}\">\n\t\t\t\t\t\t<div class=\"elementor-container elementor-column-gap-default\">\n\t\t\t\t\t<div class=\"elementor-column elementor-col-50 elementor-top-column elementor-element elementor-element-43b4544 elementor-invisible\" data-id=\"43b4544\" data-element_type=\"column\" data-e-type=\"column\" data-settings=\"{&quot;animation&quot;:&quot;fadeIn&quot;}\">\n\t\t\t<div class=\"elementor-widget-wrap elementor-element-populated\">\n\t\t\t\t\t\t<div class=\"elementor-element elementor-element-bdf24f9 elementor-invisible elementor-widget elementor-widget-text-editor\" data-id=\"bdf24f9\" data-element_type=\"widget\" data-e-type=\"widget\" data-settings=\"{&quot;_animation&quot;:&quot;fadeIn&quot;}\" data-widget_type=\"text-editor.default\">\n\t\t\t\t<div class=\"elementor-widget-container\">\n\t\t\t\t\t\t\t\t\t<h3>Un Material Revelador para nuestra vida Espiritual.<\/h3><p><strong>Todo lo que necesitas saber para afrontar cada situaci\u00f3n que te toque vivir, un curso imperdible.<\/strong><\/p><p>A lo largo de toda la historia, hasta hoy, el pueblo de Dios vive en guerra. Desde el momento que Dios eligi\u00f3 al pueblo de Israel, como pueblo suyo y santo para bendecir las dem\u00e1s naciones, esta fue atacada constantemente.<\/p><p><strong><em>G\u00e9nesis 12:1-3 <\/em><\/strong><\/p><p>Pero Dios nunca dej\u00f3 a su pueblo solo, sino que lo equip\u00f3 con armas espirituales para batallar y vencer todo plan del enemigo. Estas armas no son naturales, ni su fuerza viene del hombre, sino m\u00e1s bien provienen de una fuerza divina. Porque esta es la manera eficaz de vencer a las tinieblas, ya que no luchamos contra seres humanos, como dice su palabra en<strong>\u00a0<\/strong><strong>Efesios 6:12<\/strong><\/p><p><strong><em>Porque no luchamos contra gente como nosotros, sino contra esp\u00edritus malvados que act\u00faan en el cielo. Ellos imponen su autoridad y su poder en el mundo actual.<\/em><\/strong><\/p>\t\t\t\t\t\t\t\t<\/div>\n\t\t\t\t<\/div>\n\t\t\t\t\t<\/div>\n\t\t<\/div>\n\t\t\t\t<div class=\"elementor-column elementor-col-50 elementor-top-column elementor-element elementor-element-0ee075e elementor-invisible\" data-id=\"0ee075e\" data-element_type=\"column\" data-e-type=\"column\" data-settings=\"{&quot;animation&quot;:&quot;fadeIn&quot;,&quot;background_background&quot;:&quot;classic&quot;}\">\n\t\t\t<div class=\"elementor-widget-wrap elementor-element-populated\">\n\t\t\t\t\t\t<div class=\"elementor-element elementor-element-0d5e9b7 elementor-widget-mobile__width-initial elementor-widget elementor-widget-wp-widget-tutor_course_widget\" data-id=\"0d5e9b7\" data-element_type=\"widget\" data-e-type=\"widget\" data-widget_type=\"wp-widget-tutor_course_widget.default\">\n\t\t\t\t<div class=\"elementor-widget-container\">\n\t\t\t\t\t\t\t<div class=\"tutor-widget-course-loop tutor-widget-course tutor-widget-course-14256tutor-widget-course-loop tutor-widget-course tutor-widget-course-14256\">\n\t\t\t<div class=\"tutor-card tutor-course-card tutor-mb-12\">\n\t\t\t\t<div class=\"tutor-course-thumbnail\">\n\t<a href=\"https:\/\/diosesmifuerza.org\/universidad\/Cursos\/armas-espirituales\/\" class=\"tutor-d-block\">\n\t\t<div class=\"tutor-ratio tutor-ratio-16x9\">\n\t\t\t<img decoding=\"async\" class=\"tutor-card-image-top\" src=\"https:\/\/diosesmifuerza.org\/universidad\/wp-content\/uploads\/2023\/09\/PORTADA-ARMAS-ESP-scaled.jpg\" alt=\"Armas Espirituales\" loading=\"lazy\">\n\t\t<\/div>\n\t<\/a>\n\t<\/div>\n<div class=\"tutor-course-bookmark\">\n\t<a href=\";\" class=\"tutor-open-login-modal save-bookmark-btn tutor-iconic-btn tutor-iconic-btn-secondary\" data-course-id=\"14256\">\n\t\t<i class=\"tutor-icon-bookmark-line\"><\/i>\n\t<\/a><\/div>\n\n<div class=\"tutor-card-body\">\n\n<div class=\"tutor-course-ratings tutor-mb-8\">\n\t\t<div class=\"tutor-ratings\">\n\t\t<div class=\"tutor-ratings-stars\">\n\t\t\t<span class=\"tutor-icon-star-line\" data-rating-value=\"1\"><\/span><span class=\"tutor-icon-star-line\" data-rating-value=\"2\"><\/span><span class=\"tutor-icon-star-line\" data-rating-value=\"3\"><\/span><span class=\"tutor-icon-star-line\" data-rating-value=\"4\"><\/span><span class=\"tutor-icon-star-line\" data-rating-value=\"5\"><\/span>\t\t<\/div>\n\n\t\t\t<\/div>\n\t<\/div>\n\n<h3 class=\"tutor-course-name tutor-fs-5 tutor-fw-medium\" title=\"Armas Espirituales\">\n\t<a href=\"https:\/\/diosesmifuerza.org\/universidad\/Cursos\/armas-espirituales\/\">Armas Espirituales<\/a>\n<\/h3>\n\n<div class=\"tutor-meta tutor-mt-12 tutor-mb-20\">\n\t\t\t<div>\n\t\t\t<span class=\"tutor-meta-icon tutor-icon-user-line\"><\/span>\n\t\t\t<span class=\"tutor-meta-value\">1<\/span>\n\t\t<\/div>\n\t\n\t<\/div>\n\n<div class=\"tutor-meta tutor-mt-auto\">\n\t<div>\n\t\t<a href=\"https:\/\/diosesmifuerza.org\/universidad\/profile\/cc07demf?view=instructor\" class=\"tutor-d-flex\">\n\t\t\t<div class=\"tutor-avatar\"><div class=\"tutor-ratio tutor-ratio-1x1\"><span class=\"tutor-avatar-text\">C<\/span><\/div><\/div>\t\t<\/a>\n\t<\/div>\n\n\t<div>\n\t\tpor\t\t<a href=\"https:\/\/diosesmifuerza.org\/universidad\/profile\/cc07demf?view=instructor\">cc07demf<\/a>\n\n\t\t\t\t\ten\t\t\t<a href=\"https:\/\/diosesmifuerza.org\/universidad\/course-category\/cursos\/?tutor-course-filter-category=107\">Cursos<\/a>\t\t\t<\/div>\n<\/div>\n\n<\/div>\n\n<div class=\"tutor-card-footer\">\n\t<div class=\" tutor-d-flex tutor-align-center tutor-justify-between \"><div class=\"list-item-price tutor-d-flex tutor-align-center\"> <span class=\"price tutor-fs-6 tutor-fw-bold tutor-color-black\"><span class=\"woocommerce-Price-amount amount\"><span class=\"woocommerce-Price-currencySymbol\">&#036;<\/span>10,000.00<\/span> <\/span><\/div><div class=\"list-item-button\"> \n\t<a href=\"\/universidad\/wp-json\/wp\/v2\/pages\/14520?add-to-cart=14358\" data-quantity=\"1\" class=\"tutor-btn tutor-btn-outline-primary tutor-btn-md tutor-btn-block  product_type_simple add_to_cart_button  tutor-open-login-modal\" data-product_id=\"14358\" data-product_sku=\"\" aria-label=\"A\u00f1adir al carrito: &ldquo;Armas Espirituales&rdquo;\" rel=\"nofollow\"><span class=\"tutor-icon-cart-line tutor-mr-8\"><\/span><span class=\"cart-text\">A\u00f1adir al carrito<\/span><\/a> <\/div><\/div>\t<\/div>\n\t\t\t<\/div>\n\t\t<\/div>\n\t\t\t\t\t\t<\/div>\n\t\t\t\t<\/div>\n\t\t\t\t\t<\/div>\n\t\t<\/div>\n\t\t\t\t\t<\/div>\n\t\t<\/section>\n\t\t\t\t<section class=\"elementor-section elementor-top-section elementor-element elementor-element-5e4b374 elementor-section-boxed elementor-section-height-default elementor-section-height-default\" data-id=\"5e4b374\" data-element_type=\"section\" data-e-type=\"section\" data-settings=\"{&quot;background_background&quot;:&quot;classic&quot;}\">\n\t\t\t\t\t\t<div class=\"elementor-container elementor-column-gap-default\">\n\t\t\t\t\t<div class=\"elementor-column elementor-col-50 elementor-top-column elementor-element elementor-element-4173cdd elementor-invisible\" data-id=\"4173cdd\" data-element_type=\"column\" data-e-type=\"column\" data-settings=\"{&quot;animation&quot;:&quot;fadeIn&quot;}\">\n\t\t\t<div class=\"elementor-widget-wrap elementor-element-populated\">\n\t\t\t\t\t\t<div class=\"elementor-element elementor-element-4011b6b elementor-invisible elementor-widget elementor-widget-heading\" data-id=\"4011b6b\" data-element_type=\"widget\" data-e-type=\"widget\" data-settings=\"{&quot;_animation&quot;:&quot;fadeIn&quot;}\" data-widget_type=\"heading.default\">\n\t\t\t\t<div class=\"elementor-widget-container\">\n\t\t\t\t\t<h2 class=\"elementor-heading-title elementor-size-default\">Temas y lecciones<\/h2>\t\t\t\t<\/div>\n\t\t\t\t<\/div>\n\t\t\t\t<div class=\"elementor-element elementor-element-5ad556b elementor-invisible elementor-widget elementor-widget-toggle\" data-id=\"5ad556b\" data-element_type=\"widget\" data-e-type=\"widget\" data-settings=\"{&quot;_animation&quot;:&quot;fadeIn&quot;,&quot;_animation_delay&quot;:100}\" data-widget_type=\"toggle.default\">\n\t\t\t\t<div class=\"elementor-widget-container\">\n\t\t\t\t\t\t\t<div class=\"elementor-toggle\">\n\t\t\t\t\t\t\t<div class=\"elementor-toggle-item\">\n\t\t\t\t\t<h3 id=\"elementor-tab-title-9521\" class=\"elementor-tab-title\" data-tab=\"1\" role=\"button\" aria-controls=\"elementor-tab-content-9521\" aria-expanded=\"false\">\n\t\t\t\t\t\t\t\t\t\t\t\t<span class=\"elementor-toggle-icon elementor-toggle-icon-right\" aria-hidden=\"true\">\n\t\t\t\t\t\t\t\t\t\t\t\t\t\t\t<span class=\"elementor-toggle-icon-closed\"><i class=\"fas fa-angle-down\"><\/i><\/span>\n\t\t\t\t\t\t\t\t<span class=\"elementor-toggle-icon-opened\"><i class=\"elementor-toggle-icon-opened fas fa-angle-up\"><\/i><\/span>\n\t\t\t\t\t\t\t\t\t\t\t\t\t<\/span>\n\t\t\t\t\t\t\t\t\t\t\t\t<a class=\"elementor-toggle-title\" tabindex=\"0\">Venciendo a los Gigantes<\/a>\n\t\t\t\t\t<\/h3>\n\n\t\t\t\t\t<div id=\"elementor-tab-content-9521\" class=\"elementor-tab-content elementor-clearfix\" data-tab=\"1\" role=\"region\" aria-labelledby=\"elementor-tab-title-9521\"><p><strong>En este curso se revelar\u00e1n cu\u00e1les son esos Gigantes, sus nombres, que significan, que atacan y por supuesto como vencerlos<\/strong>. Adem\u00e1s una rese\u00f1a fundamental, que te prepara y posiciona Espiritualmente, para detectar estos ataques.<\/p><ul><li><strong>Marchando hacia la toma de territorios estrat\u00e9gicos. <\/strong><\/li><li><strong>La primera tierra que tengo y debo conquistar es MI TIERRA y MI YO .<\/strong><\/li><li><strong>Caracter\u00edsticas del territorio a conquistar.<\/strong><\/li><li><strong>Matando a los 4 Gigantes.<\/strong><\/li><li><strong>Cuestionario = Venciendo a los Gigantes.<\/strong><\/li><\/ul><\/div>\n\t\t\t\t<\/div>\n\t\t\t\t\t\t\t<div class=\"elementor-toggle-item\">\n\t\t\t\t\t<h3 id=\"elementor-tab-title-9522\" class=\"elementor-tab-title\" data-tab=\"2\" role=\"button\" aria-controls=\"elementor-tab-content-9522\" aria-expanded=\"false\">\n\t\t\t\t\t\t\t\t\t\t\t\t<span class=\"elementor-toggle-icon elementor-toggle-icon-right\" aria-hidden=\"true\">\n\t\t\t\t\t\t\t\t\t\t\t\t\t\t\t<span class=\"elementor-toggle-icon-closed\"><i class=\"fas fa-angle-down\"><\/i><\/span>\n\t\t\t\t\t\t\t\t<span class=\"elementor-toggle-icon-opened\"><i class=\"elementor-toggle-icon-opened fas fa-angle-up\"><\/i><\/span>\n\t\t\t\t\t\t\t\t\t\t\t\t\t<\/span>\n\t\t\t\t\t\t\t\t\t\t\t\t<a class=\"elementor-toggle-title\" tabindex=\"0\"> Los 5 Esp\u00edritus que Atacan a la Iglesia<\/a>\n\t\t\t\t\t<\/h3>\n\n\t\t\t\t\t<div id=\"elementor-tab-content-9522\" class=\"elementor-tab-content elementor-clearfix\" data-tab=\"2\" role=\"region\" aria-labelledby=\"elementor-tab-title-9522\"><h5><strong>Analizaremos a los cinco esp\u00edritus que est\u00e1n atacando a la iglesia de nuestro tiempo.<\/strong><\/h5><p>Tenemos que saber que vivimos en una guerra continua, y nuestra lucha no es contra carne ni sangre, no es contra persona, sino contra Satan\u00e1s y sus demonios.<\/p><p>Estos cinco esp\u00edritus se manifiestan a trav\u00e9s de personas dentro de la misma congregaci\u00f3n; y muchas de esas personas no se dan cuenta que el enemigo las est\u00e1 usando; otras si lo saben, pero no buscan ayuda.<\/p><ul><li><strong><span style=\"vertical-align: inherit;\"><span style=\"vertical-align: inherit;\"><span style=\"vertical-align: inherit;\"><span style=\"vertical-align: inherit;\">El esp\u00edritu de Jezabel.<\/span><\/span><\/span><\/span><\/strong><\/li><li><strong>El esp\u00edritu de Absal\u00f3n.<\/strong><\/li><li><strong>El esp\u00edritu farisaico.<\/strong><\/li><li><strong>El esp\u00edritu de brujer\u00eda y hechicer\u00eda.<\/strong><\/li><li><strong>El esp\u00edritu de tibieza espiritual.<\/strong><\/li><li><strong>Cuestionario = Los 5 Esp\u00edritus que Atacan a la Iglesia.<\/strong><\/li><\/ul><\/div>\n\t\t\t\t<\/div>\n\t\t\t\t\t\t\t<div class=\"elementor-toggle-item\">\n\t\t\t\t\t<h3 id=\"elementor-tab-title-9523\" class=\"elementor-tab-title\" data-tab=\"3\" role=\"button\" aria-controls=\"elementor-tab-content-9523\" aria-expanded=\"false\">\n\t\t\t\t\t\t\t\t\t\t\t\t<span class=\"elementor-toggle-icon elementor-toggle-icon-right\" aria-hidden=\"true\">\n\t\t\t\t\t\t\t\t\t\t\t\t\t\t\t<span class=\"elementor-toggle-icon-closed\"><i class=\"fas fa-angle-down\"><\/i><\/span>\n\t\t\t\t\t\t\t\t<span class=\"elementor-toggle-icon-opened\"><i class=\"elementor-toggle-icon-opened fas fa-angle-up\"><\/i><\/span>\n\t\t\t\t\t\t\t\t\t\t\t\t\t<\/span>\n\t\t\t\t\t\t\t\t\t\t\t\t<a class=\"elementor-toggle-title\" tabindex=\"0\">Armas Espirituales<\/a>\n\t\t\t\t\t<\/h3>\n\n\t\t\t\t\t<div id=\"elementor-tab-content-9523\" class=\"elementor-tab-content elementor-clearfix\" data-tab=\"3\" role=\"region\" aria-labelledby=\"elementor-tab-title-9523\"><p><strong>Dios nunca dej\u00f3 a su pueblo solo, sino que lo equip\u00f3 con Armas Espirituales para batallar y vencer todo plan del enemigo<\/strong>.<\/p><p>Estas armas no son naturales, ni su fuerza viene del hombre, sino m\u00e1s bien provienen de una fuerza divina.<\/p><p>Aqu\u00ed veremos, qu\u00e9 son y cuales son, tambi\u00e9n una breve rese\u00f1a de cada una.<\/p><ul><li><span style=\"vertical-align: inherit;\"><span style=\"vertical-align: inherit;\"><span style=\"vertical-align: inherit;\"><span style=\"vertical-align: inherit;\"><b><strong>Qu\u00e9 son las armas espirituales<\/strong>.<\/b><\/span><\/span><\/span><\/span><\/li><li><strong>Cu\u00e1les son las armas que Dios nos entreg\u00f3.<\/strong><\/li><li><strong><span style=\"vertical-align: inherit;\"><span style=\"vertical-align: inherit;\">Cuestionario = Armas Espirituales.<\/span><\/span><\/strong><\/li><\/ul><\/div>\n\t\t\t\t<\/div>\n\t\t\t\t\t\t\t\t<\/div>\n\t\t\t\t\t\t<\/div>\n\t\t\t\t<\/div>\n\t\t\t\t\t<\/div>\n\t\t<\/div>\n\t\t\t\t<div class=\"elementor-column elementor-col-50 elementor-top-column elementor-element elementor-element-183af60 elementor-invisible\" data-id=\"183af60\" data-element_type=\"column\" data-e-type=\"column\" data-settings=\"{&quot;animation&quot;:&quot;fadeIn&quot;}\">\n\t\t\t<div class=\"elementor-widget-wrap elementor-element-populated\">\n\t\t\t\t\t\t<div class=\"elementor-element elementor-element-a91f59d elementor-widget elementor-widget-image\" data-id=\"a91f59d\" data-element_type=\"widget\" data-e-type=\"widget\" data-widget_type=\"image.default\">\n\t\t\t\t<div class=\"elementor-widget-container\">\n\t\t\t\t\t\t\t\t\t\t\t\t\t\t\t<img fetchpriority=\"high\" decoding=\"async\" width=\"1707\" height=\"2560\" src=\"https:\/\/diosesmifuerza.org\/universidad\/wp-content\/uploads\/2023\/10\/armas-esp-2-scaled.jpg\" class=\"attachment-full size-full wp-image-14522\" alt=\"\" srcset=\"https:\/\/diosesmifuerza.org\/universidad\/wp-content\/uploads\/2023\/10\/armas-esp-2-scaled.jpg 1707w, https:\/\/diosesmifuerza.org\/universidad\/wp-content\/uploads\/2023\/10\/armas-esp-2-200x300.jpg 200w, https:\/\/diosesmifuerza.org\/universidad\/wp-content\/uploads\/2023\/10\/armas-esp-2-683x1024.jpg 683w, https:\/\/diosesmifuerza.org\/universidad\/wp-content\/uploads\/2023\/10\/armas-esp-2-768x1152.jpg 768w, https:\/\/diosesmifuerza.org\/universidad\/wp-content\/uploads\/2023\/10\/armas-esp-2-1024x1536.jpg 1024w, https:\/\/diosesmifuerza.org\/universidad\/wp-content\/uploads\/2023\/10\/armas-esp-2-1365x2048.jpg 1365w, https:\/\/diosesmifuerza.org\/universidad\/wp-content\/uploads\/2023\/10\/armas-esp-2-600x900.jpg 600w\" sizes=\"(max-width: 1707px) 100vw, 1707px\" \/>\t\t\t\t\t\t\t\t\t\t\t\t\t\t\t<\/div>\n\t\t\t\t<\/div>\n\t\t\t\t\t<\/div>\n\t\t<\/div>\n\t\t\t\t\t<\/div>\n\t\t<\/section>\n\t\t\t\t<\/div>\n\t\t","protected":false},"excerpt":{"rendered":"<p>detalles del curso Un breve resumen del curso con los temas y lecciones que contiene dicho curso. armas espirituales acceder<\/p>\n","protected":false},"author":2,"featured_media":0,"parent":0,"menu_order":0,"comment_status":"closed","ping_status":"closed","template":"","meta":{"_tutorstarter_page_metadata":[],"footnotes":""},"class_list":["post-14520","page","type-page","status-publish","hentry"],"_links":{"self":[{"href":"https:\/\/diosesmifuerza.org\/universidad\/wp-json\/wp\/v2\/pages\/14520","targetHints":{"allow":["GET"]}}],"collection":[{"href":"https:\/\/diosesmifuerza.org\/universidad\/wp-json\/wp\/v2\/pages"}],"about":[{"href":"https:\/\/diosesmifuerza.org\/universidad\/wp-json\/wp\/v2\/types\/page"}],"author":[{"embeddable":true,"href":"https:\/\/diosesmifuerza.org\/universidad\/wp-json\/wp\/v2\/users\/2"}],"replies":[{"embeddable":true,"href":"https:\/\/diosesmifuerza.org\/universidad\/wp-json\/wp\/v2\/comments?post=14520"}],"version-history":[{"count":10,"href":"https:\/\/diosesmifuerza.org\/universidad\/wp-json\/wp\/v2\/pages\/14520\/revisions"}],"predecessor-version":[{"id":14537,"href":"https:\/\/diosesmifuerza.org\/universidad\/wp-json\/wp\/v2\/pages\/14520\/revisions\/14537"}],"wp:attachment":[{"href":"https:\/\/diosesmifuerza.org\/universidad\/wp-json\/wp\/v2\/media?parent=14520"}],"curies":[{"name":"wp","href":"https:\/\/api.w.org\/{rel}","templated":true}]}}