{"id":14510,"date":"2023-10-11T15:40:10","date_gmt":"2023-10-11T15:40:10","guid":{"rendered":"https:\/\/diosesmifuerza.org\/universidad\/?page_id=14510"},"modified":"2023-10-11T19:37:47","modified_gmt":"2023-10-11T19:37:47","slug":"detalle-entrega-total","status":"publish","type":"page","link":"https:\/\/diosesmifuerza.org\/universidad\/detalle-entrega-total\/","title":{"rendered":"Detalle Entrega total"},"content":{"rendered":"\t\t<div data-elementor-type=\"wp-page\" data-elementor-id=\"14510\" class=\"elementor elementor-14510\" data-elementor-post-type=\"page\">\n\t\t\t\t\t\t<header class=\"elementor-section elementor-top-section elementor-element elementor-element-0632b95 elementor-section-full_width elementor-section-height-min-height elementor-section-items-bottom elementor-section-height-default elementor-invisible\" data-id=\"0632b95\" data-element_type=\"section\" data-e-type=\"section\" data-settings=\"{&quot;background_background&quot;:&quot;classic&quot;,&quot;animation&quot;:&quot;fadeIn&quot;,&quot;animation_delay&quot;:50}\">\n\t\t\t\t\t\t\t<div class=\"elementor-background-overlay\"><\/div>\n\t\t\t\t\t\t\t<div class=\"elementor-container elementor-column-gap-no\">\n\t\t\t\t\t<div class=\"elementor-column elementor-col-100 elementor-top-column elementor-element elementor-element-a11e9da\" data-id=\"a11e9da\" data-element_type=\"column\" data-e-type=\"column\">\n\t\t\t<div class=\"elementor-widget-wrap elementor-element-populated\">\n\t\t\t\t\t\t<section class=\"elementor-section elementor-inner-section elementor-element elementor-element-9980b5b elementor-section-content-bottom elementor-section-boxed elementor-section-height-default elementor-section-height-default\" data-id=\"9980b5b\" data-element_type=\"section\" data-e-type=\"section\">\n\t\t\t\t\t\t<div class=\"elementor-container elementor-column-gap-default\">\n\t\t\t\t\t<div class=\"elementor-column elementor-col-100 elementor-inner-column elementor-element elementor-element-19e43c4\" data-id=\"19e43c4\" data-element_type=\"column\" data-e-type=\"column\">\n\t\t\t<div class=\"elementor-widget-wrap elementor-element-populated\">\n\t\t\t\t\t\t<div class=\"elementor-element elementor-element-785275f elementor-invisible elementor-widget elementor-widget-heading\" data-id=\"785275f\" data-element_type=\"widget\" data-e-type=\"widget\" data-settings=\"{&quot;_animation&quot;:&quot;fadeIn&quot;,&quot;_animation_delay&quot;:100}\" data-widget_type=\"heading.default\">\n\t\t\t\t<div class=\"elementor-widget-container\">\n\t\t\t\t\t<h1 class=\"elementor-heading-title elementor-size-default\">detalles del curso<\/h1>\t\t\t\t<\/div>\n\t\t\t\t<\/div>\n\t\t\t\t<div class=\"elementor-element elementor-element-70491e2 elementor-invisible elementor-widget elementor-widget-text-editor\" data-id=\"70491e2\" data-element_type=\"widget\" data-e-type=\"widget\" data-settings=\"{&quot;_animation&quot;:&quot;fadeIn&quot;,&quot;_animation_delay&quot;:200}\" data-widget_type=\"text-editor.default\">\n\t\t\t\t<div class=\"elementor-widget-container\">\n\t\t\t\t\t\t\t\t\t<p><span style=\"vertical-align: inherit;\"><span style=\"vertical-align: inherit;\">Un breve resumen del curso con los temas y lecciones que contiene dicho curso.<\/span><\/span><\/p>\t\t\t\t\t\t\t\t<\/div>\n\t\t\t\t<\/div>\n\t\t\t\t\t<\/div>\n\t\t<\/div>\n\t\t\t\t\t<\/div>\n\t\t<\/section>\n\t\t\t\t\t<\/div>\n\t\t<\/div>\n\t\t\t\t\t<\/div>\n\t\t<\/header>\n\t\t\t\t<section class=\"elementor-section elementor-top-section elementor-element elementor-element-de80faa elementor-section-boxed elementor-section-height-default elementor-section-height-default\" data-id=\"de80faa\" data-element_type=\"section\" data-e-type=\"section\">\n\t\t\t\t\t\t<div class=\"elementor-container elementor-column-gap-default\">\n\t\t\t\t\t<div class=\"elementor-column elementor-col-100 elementor-top-column elementor-element elementor-element-0a65b25\" data-id=\"0a65b25\" data-element_type=\"column\" data-e-type=\"column\">\n\t\t\t<div class=\"elementor-widget-wrap elementor-element-populated\">\n\t\t\t\t\t\t<div class=\"elementor-element elementor-element-b7db4ec elementor-widget elementor-widget-spacer\" data-id=\"b7db4ec\" data-element_type=\"widget\" data-e-type=\"widget\" data-widget_type=\"spacer.default\">\n\t\t\t\t<div class=\"elementor-widget-container\">\n\t\t\t\t\t\t\t<div class=\"elementor-spacer\">\n\t\t\t<div class=\"elementor-spacer-inner\"><\/div>\n\t\t<\/div>\n\t\t\t\t\t\t<\/div>\n\t\t\t\t<\/div>\n\t\t\t\t\t<\/div>\n\t\t<\/div>\n\t\t\t\t\t<\/div>\n\t\t<\/section>\n\t\t\t\t<section class=\"elementor-section elementor-top-section elementor-element elementor-element-f835973 elementor-section-boxed elementor-section-height-default elementor-section-height-default\" data-id=\"f835973\" data-element_type=\"section\" data-e-type=\"section\" data-settings=\"{&quot;background_background&quot;:&quot;classic&quot;}\">\n\t\t\t\t\t\t\t<div class=\"elementor-background-overlay\"><\/div>\n\t\t\t\t\t\t\t<div class=\"elementor-container elementor-column-gap-default\">\n\t\t\t\t\t<div class=\"elementor-column elementor-col-100 elementor-top-column elementor-element elementor-element-25c1fc1 elementor-invisible\" data-id=\"25c1fc1\" data-element_type=\"column\" data-e-type=\"column\" data-settings=\"{&quot;animation&quot;:&quot;fadeIn&quot;}\">\n\t\t\t<div class=\"elementor-widget-wrap elementor-element-populated\">\n\t\t\t\t\t\t<div class=\"elementor-element elementor-element-8ac69aa elementor-invisible elementor-widget elementor-widget-heading\" data-id=\"8ac69aa\" data-element_type=\"widget\" data-e-type=\"widget\" data-settings=\"{&quot;_animation&quot;:&quot;fadeIn&quot;}\" data-widget_type=\"heading.default\">\n\t\t\t\t<div class=\"elementor-widget-container\">\n\t\t\t\t\t<h1 class=\"elementor-heading-title elementor-size-default\">el poder de la entrega total<\/h1>\t\t\t\t<\/div>\n\t\t\t\t<\/div>\n\t\t\t\t\t<\/div>\n\t\t<\/div>\n\t\t\t\t<div class=\"elementor-column elementor-col-100 elementor-top-column elementor-element elementor-element-4a7d07c elementor-invisible\" data-id=\"4a7d07c\" data-element_type=\"column\" data-e-type=\"column\" data-settings=\"{&quot;animation&quot;:&quot;fadeIn&quot;,&quot;animation_delay&quot;:150}\">\n\t\t\t<div class=\"elementor-widget-wrap elementor-element-populated\">\n\t\t\t\t\t\t<div class=\"elementor-element elementor-element-81ee3e8 elementor-align-right elementor-tablet-align-center elementor-invisible elementor-widget elementor-widget-button\" data-id=\"81ee3e8\" data-element_type=\"widget\" data-e-type=\"widget\" data-settings=\"{&quot;_animation&quot;:&quot;fadeInRight&quot;,&quot;_animation_delay&quot;:200}\" data-widget_type=\"button.default\">\n\t\t\t\t<div class=\"elementor-widget-container\">\n\t\t\t\t\t\t\t\t\t<div class=\"elementor-button-wrapper\">\n\t\t\t\t\t<a class=\"elementor-button elementor-button-link elementor-size-sm\" href=\"https:\/\/diosesmifuerza.org\/universidad\/tutor-login\/\" target=\"_blank\">\n\t\t\t\t\t\t<span class=\"elementor-button-content-wrapper\">\n\t\t\t\t\t\t\t\t\t<span class=\"elementor-button-text\">acceder<\/span>\n\t\t\t\t\t<\/span>\n\t\t\t\t\t<\/a>\n\t\t\t\t<\/div>\n\t\t\t\t\t\t\t\t<\/div>\n\t\t\t\t<\/div>\n\t\t\t\t\t<\/div>\n\t\t<\/div>\n\t\t\t\t\t<\/div>\n\t\t<\/section>\n\t\t\t\t<section class=\"elementor-section elementor-top-section elementor-element elementor-element-4ce38ee elementor-reverse-mobile elementor-section-boxed elementor-section-height-default elementor-section-height-default\" data-id=\"4ce38ee\" data-element_type=\"section\" data-e-type=\"section\" data-settings=\"{&quot;background_background&quot;:&quot;classic&quot;}\">\n\t\t\t\t\t\t<div class=\"elementor-container elementor-column-gap-default\">\n\t\t\t\t\t<div class=\"elementor-column elementor-col-50 elementor-top-column elementor-element elementor-element-3b45436 elementor-invisible\" data-id=\"3b45436\" data-element_type=\"column\" data-e-type=\"column\" data-settings=\"{&quot;animation&quot;:&quot;fadeIn&quot;}\">\n\t\t\t<div class=\"elementor-widget-wrap elementor-element-populated\">\n\t\t\t\t\t\t<div class=\"elementor-element elementor-element-2eeb04b elementor-invisible elementor-widget elementor-widget-text-editor\" data-id=\"2eeb04b\" data-element_type=\"widget\" data-e-type=\"widget\" data-settings=\"{&quot;_animation&quot;:&quot;fadeIn&quot;}\" data-widget_type=\"text-editor.default\">\n\t\t\t\t<div class=\"elementor-widget-container\">\n\t\t\t\t\t\t\t\t\t<h4>Los Beneficios de una Verdadera Entrega hacia nuestro creador.<\/h4><p>La voz de Dios trae sentido de direcci\u00f3n y prop\u00f3sito. Primero quiero que entiendas esto: no es cumplir mi prop\u00f3sito en la tierra. El salmista dijo;<\/p><p><strong>Salmos 138:8 <em>\u00abJehov\u00e1 cumple tu prop\u00f3sito en m\u00ed\u00bb<\/em>.<\/strong><\/p><p><strong>\u00a0<\/strong>&#8211; Mira, no importa todo lo que un experto te diga.<\/p><p>&#8211; La clave no es un buen serm\u00f3n.<\/p><p>&#8211; La clave no es que te profeticen.<\/p><p>&#8211; La verdadera clave es o\u00edr la voz de Dios<\/p><p>Aunque el conflicto sea grande y los d\u00edas tormentosos. La voz de Dios es la que te va a dar <strong><em>sentido de direcci\u00f3n y prop\u00f3sito.<\/em><\/strong><\/p><p>Cuando Dios dice algo es claro; Dios no es Dios de confusi\u00f3n.<\/p><p>\u00abDeterm\u00ednese a buscar a Dios y o\u00edrlo\u00bb<\/p>\t\t\t\t\t\t\t\t<\/div>\n\t\t\t\t<\/div>\n\t\t\t\t\t<\/div>\n\t\t<\/div>\n\t\t\t\t<div class=\"elementor-column elementor-col-50 elementor-top-column elementor-element elementor-element-8b13e13 elementor-invisible\" data-id=\"8b13e13\" data-element_type=\"column\" data-e-type=\"column\" data-settings=\"{&quot;animation&quot;:&quot;fadeIn&quot;,&quot;background_background&quot;:&quot;classic&quot;}\">\n\t\t\t<div class=\"elementor-widget-wrap elementor-element-populated\">\n\t\t\t\t\t\t<div class=\"elementor-element elementor-element-5d8841f elementor-widget-mobile__width-initial elementor-widget elementor-widget-wp-widget-tutor_course_widget\" data-id=\"5d8841f\" data-element_type=\"widget\" data-e-type=\"widget\" data-widget_type=\"wp-widget-tutor_course_widget.default\">\n\t\t\t\t<div class=\"elementor-widget-container\">\n\t\t\t\t\t\t\t<div class=\"tutor-widget-course-loop tutor-widget-course tutor-widget-course-14264tutor-widget-course-loop tutor-widget-course tutor-widget-course-14264\">\n\t\t\t<div class=\"tutor-card tutor-course-card tutor-mb-12\">\n\t\t\t\t<div class=\"tutor-course-thumbnail\">\n\t<a href=\"https:\/\/diosesmifuerza.org\/universidad\/Cursos\/el-poder-de-la-entrega-total\/\" class=\"tutor-d-block\">\n\t\t<div class=\"tutor-ratio tutor-ratio-16x9\">\n\t\t\t<img decoding=\"async\" class=\"tutor-card-image-top\" src=\"https:\/\/diosesmifuerza.org\/universidad\/wp-content\/uploads\/2023\/09\/portada-entrega-total-scaled.jpg\" alt=\"El Poder de la Entrega total\" loading=\"lazy\">\n\t\t<\/div>\n\t<\/a>\n\t<\/div>\n<div class=\"tutor-course-bookmark\">\n\t<a href=\";\" class=\"tutor-open-login-modal save-bookmark-btn tutor-iconic-btn tutor-iconic-btn-secondary\" data-course-id=\"14264\">\n\t\t<i class=\"tutor-icon-bookmark-line\"><\/i>\n\t<\/a><\/div>\n\n<div class=\"tutor-card-body\">\n\n<div class=\"tutor-course-ratings tutor-mb-8\">\n\t\t<div class=\"tutor-ratings\">\n\t\t<div class=\"tutor-ratings-stars\">\n\t\t\t<span class=\"tutor-icon-star-line\" data-rating-value=\"1\"><\/span><span class=\"tutor-icon-star-line\" data-rating-value=\"2\"><\/span><span class=\"tutor-icon-star-line\" data-rating-value=\"3\"><\/span><span class=\"tutor-icon-star-line\" data-rating-value=\"4\"><\/span><span class=\"tutor-icon-star-line\" data-rating-value=\"5\"><\/span>\t\t<\/div>\n\n\t\t\t<\/div>\n\t<\/div>\n\n<h3 class=\"tutor-course-name tutor-fs-5 tutor-fw-medium\" title=\"El Poder de la Entrega total\">\n\t<a href=\"https:\/\/diosesmifuerza.org\/universidad\/Cursos\/el-poder-de-la-entrega-total\/\">El Poder de la Entrega total<\/a>\n<\/h3>\n\n<div class=\"tutor-meta tutor-mt-12 tutor-mb-20\">\n\t\t\t<div>\n\t\t\t<span class=\"tutor-meta-icon tutor-icon-user-line\"><\/span>\n\t\t\t<span class=\"tutor-meta-value\">1<\/span>\n\t\t<\/div>\n\t\n\t<\/div>\n\n<div class=\"tutor-meta tutor-mt-auto\">\n\t<div>\n\t\t<a href=\"https:\/\/diosesmifuerza.org\/universidad\/profile\/cc07demf?view=instructor\" class=\"tutor-d-flex\">\n\t\t\t<div class=\"tutor-avatar\"><div class=\"tutor-ratio tutor-ratio-1x1\"><span class=\"tutor-avatar-text\">C<\/span><\/div><\/div>\t\t<\/a>\n\t<\/div>\n\n\t<div>\n\t\tpor\t\t<a href=\"https:\/\/diosesmifuerza.org\/universidad\/profile\/cc07demf?view=instructor\">cc07demf<\/a>\n\n\t\t\t\t\ten\t\t\t<a href=\"https:\/\/diosesmifuerza.org\/universidad\/course-category\/cursos\/?tutor-course-filter-category=107\">Cursos<\/a>\t\t\t<\/div>\n<\/div>\n\n<\/div>\n\n<div class=\"tutor-card-footer\">\n\t<div class=\" tutor-d-flex tutor-align-center tutor-justify-between \"><div class=\"list-item-price tutor-d-flex tutor-align-center\"> <span class=\"price tutor-fs-6 tutor-fw-bold tutor-color-black\"><span class=\"woocommerce-Price-amount amount\"><span class=\"woocommerce-Price-currencySymbol\">&#036;<\/span>10,000.00<\/span> <\/span><\/div><div class=\"list-item-button\"> \n\t<a href=\"\/universidad\/wp-json\/wp\/v2\/pages\/14510?add-to-cart=14357\" data-quantity=\"1\" class=\"tutor-btn tutor-btn-outline-primary tutor-btn-md tutor-btn-block  product_type_simple add_to_cart_button  tutor-open-login-modal\" data-product_id=\"14357\" data-product_sku=\"\" aria-label=\"A\u00f1adir al carrito: &ldquo;El Poder de la Entrega total&rdquo;\" rel=\"nofollow\"><span class=\"tutor-icon-cart-line tutor-mr-8\"><\/span><span class=\"cart-text\">A\u00f1adir al carrito<\/span><\/a> <\/div><\/div>\t<\/div>\n\t\t\t<\/div>\n\t\t<\/div>\n\t\t\t\t\t\t<\/div>\n\t\t\t\t<\/div>\n\t\t\t\t\t<\/div>\n\t\t<\/div>\n\t\t\t\t\t<\/div>\n\t\t<\/section>\n\t\t\t\t<section class=\"elementor-section elementor-top-section elementor-element elementor-element-e9e6103 elementor-section-boxed elementor-section-height-default elementor-section-height-default\" data-id=\"e9e6103\" data-element_type=\"section\" data-e-type=\"section\" data-settings=\"{&quot;background_background&quot;:&quot;classic&quot;}\">\n\t\t\t\t\t\t<div class=\"elementor-container elementor-column-gap-default\">\n\t\t\t\t\t<div class=\"elementor-column elementor-col-50 elementor-top-column elementor-element elementor-element-0e02849 elementor-invisible\" data-id=\"0e02849\" data-element_type=\"column\" data-e-type=\"column\" data-settings=\"{&quot;animation&quot;:&quot;fadeIn&quot;}\">\n\t\t\t<div class=\"elementor-widget-wrap elementor-element-populated\">\n\t\t\t\t\t\t<div class=\"elementor-element elementor-element-7acfbd3 elementor-invisible elementor-widget elementor-widget-heading\" data-id=\"7acfbd3\" data-element_type=\"widget\" data-e-type=\"widget\" data-settings=\"{&quot;_animation&quot;:&quot;fadeIn&quot;}\" data-widget_type=\"heading.default\">\n\t\t\t\t<div class=\"elementor-widget-container\">\n\t\t\t\t\t<h2 class=\"elementor-heading-title elementor-size-default\">Temas y lecciones<\/h2>\t\t\t\t<\/div>\n\t\t\t\t<\/div>\n\t\t\t\t<div class=\"elementor-element elementor-element-83fc11e elementor-invisible elementor-widget elementor-widget-toggle\" data-id=\"83fc11e\" data-element_type=\"widget\" data-e-type=\"widget\" data-settings=\"{&quot;_animation&quot;:&quot;fadeIn&quot;,&quot;_animation_delay&quot;:100}\" data-widget_type=\"toggle.default\">\n\t\t\t\t<div class=\"elementor-widget-container\">\n\t\t\t\t\t\t\t<div class=\"elementor-toggle\">\n\t\t\t\t\t\t\t<div class=\"elementor-toggle-item\">\n\t\t\t\t\t<h3 id=\"elementor-tab-title-1381\" class=\"elementor-tab-title\" data-tab=\"1\" role=\"button\" aria-controls=\"elementor-tab-content-1381\" aria-expanded=\"false\">\n\t\t\t\t\t\t\t\t\t\t\t\t<span class=\"elementor-toggle-icon elementor-toggle-icon-right\" aria-hidden=\"true\">\n\t\t\t\t\t\t\t\t\t\t\t\t\t\t\t<span class=\"elementor-toggle-icon-closed\"><i class=\"fas fa-angle-down\"><\/i><\/span>\n\t\t\t\t\t\t\t\t<span class=\"elementor-toggle-icon-opened\"><i class=\"elementor-toggle-icon-opened fas fa-angle-up\"><\/i><\/span>\n\t\t\t\t\t\t\t\t\t\t\t\t\t<\/span>\n\t\t\t\t\t\t\t\t\t\t\t\t<a class=\"elementor-toggle-title\" tabindex=\"0\">Vuelve a o\u00edr la voz de Dios<\/a>\n\t\t\t\t\t<\/h3>\n\n\t\t\t\t\t<div id=\"elementor-tab-content-1381\" class=\"elementor-tab-content elementor-clearfix\" data-tab=\"1\" role=\"region\" aria-labelledby=\"elementor-tab-title-1381\"><p><strong>Un llamado a la Reflexi\u00f3n en cuanto a que voz estamos escuchando, si los problemas y dificultades no nos dejan centrarnos en<\/strong> <strong>Cristo<\/strong>.<\/p><p>Y como Dios obrar\u00e1 en tu vida a trav\u00e9s de poner en pr\u00e1ctica este material.<\/p><ul><li><strong>Lo que Dios va hacer con \u00e9l es reprogramar su esp\u00edritu.<\/strong><\/li><li><strong>Es tiempo de buscar la direcci\u00f3n de Dios.<\/strong><\/li><li><strong>Busca o\u00edr a Dios en el lugar espec\u00edfico y \u00c9l te hablar\u00e1.<\/strong><\/li><li><strong>Libros po\u00e9ticos o de Sabidur\u00eda.<\/strong><\/li><li><strong>Cuestionario = Vuelve a O\u00edr la Voz de Dios.<\/strong><\/li><\/ul><\/div>\n\t\t\t\t<\/div>\n\t\t\t\t\t\t\t<div class=\"elementor-toggle-item\">\n\t\t\t\t\t<h3 id=\"elementor-tab-title-1382\" class=\"elementor-tab-title\" data-tab=\"2\" role=\"button\" aria-controls=\"elementor-tab-content-1382\" aria-expanded=\"false\">\n\t\t\t\t\t\t\t\t\t\t\t\t<span class=\"elementor-toggle-icon elementor-toggle-icon-right\" aria-hidden=\"true\">\n\t\t\t\t\t\t\t\t\t\t\t\t\t\t\t<span class=\"elementor-toggle-icon-closed\"><i class=\"fas fa-angle-down\"><\/i><\/span>\n\t\t\t\t\t\t\t\t<span class=\"elementor-toggle-icon-opened\"><i class=\"elementor-toggle-icon-opened fas fa-angle-up\"><\/i><\/span>\n\t\t\t\t\t\t\t\t\t\t\t\t\t<\/span>\n\t\t\t\t\t\t\t\t\t\t\t\t<a class=\"elementor-toggle-title\" tabindex=\"0\">Haz lo que Dios dice que Hagas<\/a>\n\t\t\t\t\t<\/h3>\n\n\t\t\t\t\t<div id=\"elementor-tab-content-1382\" class=\"elementor-tab-content elementor-clearfix\" data-tab=\"2\" role=\"region\" aria-labelledby=\"elementor-tab-title-1382\"><p>Si Dios nos dice \u00absube y qu\u00e9date aqu\u00ed\u00bb lev\u00e1ntame un altar de adoraci\u00f3n, ese es el orden de Dios para nuestras vidas; si lo cambiamos, todo se transformar\u00e1 en un desastre.<\/p><p>En el orden de Dios, debemos cambiar por lo que Dios Dice, y no por nuestra opini\u00f3n.<\/p><p>\u00abYo pienso, Yo creo, Yo siento, A m\u00ed me parece, A m\u00ed me dijeron. Todo esto no es el orden establecido por Dios.<\/p><ul><li><strong><span style=\"vertical-align: inherit;\"><span style=\"vertical-align: inherit;\"><span style=\"vertical-align: inherit;\"><span style=\"vertical-align: inherit;\">Haz lo que Dios dice que Hagas.<\/span><\/span><\/span><\/span><\/strong><\/li><li><strong><span style=\"vertical-align: inherit;\"><span style=\"vertical-align: inherit;\"><span style=\"vertical-align: inherit;\"><span style=\"vertical-align: inherit;\">Cuando lo B\u00e1sico Funciona.<\/span><\/span><\/span><\/span><\/strong><\/li><li><strong>Tres Claves para este Tiempo.<\/strong><\/li><li><strong>Cuestionario = Haz lo que Dios dice que Hagas.<\/strong><\/li><\/ul><\/div>\n\t\t\t\t<\/div>\n\t\t\t\t\t\t\t<div class=\"elementor-toggle-item\">\n\t\t\t\t\t<h3 id=\"elementor-tab-title-1383\" class=\"elementor-tab-title\" data-tab=\"3\" role=\"button\" aria-controls=\"elementor-tab-content-1383\" aria-expanded=\"false\">\n\t\t\t\t\t\t\t\t\t\t\t\t<span class=\"elementor-toggle-icon elementor-toggle-icon-right\" aria-hidden=\"true\">\n\t\t\t\t\t\t\t\t\t\t\t\t\t\t\t<span class=\"elementor-toggle-icon-closed\"><i class=\"fas fa-angle-down\"><\/i><\/span>\n\t\t\t\t\t\t\t\t<span class=\"elementor-toggle-icon-opened\"><i class=\"elementor-toggle-icon-opened fas fa-angle-up\"><\/i><\/span>\n\t\t\t\t\t\t\t\t\t\t\t\t\t<\/span>\n\t\t\t\t\t\t\t\t\t\t\t\t<a class=\"elementor-toggle-title\" tabindex=\"0\">Hay mucha Inversi\u00f3n en Ti<\/a>\n\t\t\t\t\t<\/h3>\n\n\t\t\t\t\t<div id=\"elementor-tab-content-1383\" class=\"elementor-tab-content elementor-clearfix\" data-tab=\"3\" role=\"region\" aria-labelledby=\"elementor-tab-title-1383\"><p><strong>Hay una inversi\u00f3n eterna sobre nuestras vidas, no se puede perder.<\/strong><\/p><p>Oraciones a nuestro favor, palabra de revelaci\u00f3n, profec\u00edas, ayunos que otros hicieron a nuestro favor,\u00a0 pactos que se hicieron por nosotros, maestros que nos ense\u00f1aron la palabra.<\/p><p>Tenemos mucha inversi\u00f3n en nosotros para que sigamos haciendo lo que queremos.<\/p><ul><li><span style=\"vertical-align: inherit;\"><span style=\"vertical-align: inherit;\"><span style=\"vertical-align: inherit;\"><span style=\"vertical-align: inherit;\"><b>Dios cumplir\u00e1 su prop\u00f3sito en Usted.<\/b><\/span><\/span><\/span><\/span><\/li><li><strong><span style=\"vertical-align: inherit;\"><span style=\"vertical-align: inherit;\">Lo que Dios nos Pide.<\/span><\/span><\/strong><\/li><li><strong><span style=\"vertical-align: inherit;\"><span style=\"vertical-align: inherit;\"><span style=\"vertical-align: inherit;\"><span style=\"vertical-align: inherit;\">Beneficios de la Entrega total.<\/span><\/span><\/span><\/span><\/strong><\/li><li><strong><span style=\"vertical-align: inherit;\"><span style=\"vertical-align: inherit;\">Cuestionario = Hay Mucha inversi\u00f3n en Ti.<\/span><\/span><\/strong><\/li><\/ul><\/div>\n\t\t\t\t<\/div>\n\t\t\t\t\t\t\t\t<\/div>\n\t\t\t\t\t\t<\/div>\n\t\t\t\t<\/div>\n\t\t\t\t\t<\/div>\n\t\t<\/div>\n\t\t\t\t<div class=\"elementor-column elementor-col-50 elementor-top-column elementor-element elementor-element-5dc7c14 elementor-invisible\" data-id=\"5dc7c14\" data-element_type=\"column\" data-e-type=\"column\" data-settings=\"{&quot;animation&quot;:&quot;fadeIn&quot;}\">\n\t\t\t<div class=\"elementor-widget-wrap elementor-element-populated\">\n\t\t\t\t\t\t<div class=\"elementor-element elementor-element-34792fd elementor-widget elementor-widget-image\" data-id=\"34792fd\" data-element_type=\"widget\" data-e-type=\"widget\" data-widget_type=\"image.default\">\n\t\t\t\t<div class=\"elementor-widget-container\">\n\t\t\t\t\t\t\t\t\t\t\t\t\t\t\t<img fetchpriority=\"high\" decoding=\"async\" width=\"1709\" height=\"2560\" src=\"https:\/\/diosesmifuerza.org\/universidad\/wp-content\/uploads\/2023\/10\/entrega-total2-scaled.jpg\" class=\"attachment-full size-full wp-image-14512\" alt=\"\" srcset=\"https:\/\/diosesmifuerza.org\/universidad\/wp-content\/uploads\/2023\/10\/entrega-total2-scaled.jpg 1709w, https:\/\/diosesmifuerza.org\/universidad\/wp-content\/uploads\/2023\/10\/entrega-total2-200x300.jpg 200w, https:\/\/diosesmifuerza.org\/universidad\/wp-content\/uploads\/2023\/10\/entrega-total2-684x1024.jpg 684w, https:\/\/diosesmifuerza.org\/universidad\/wp-content\/uploads\/2023\/10\/entrega-total2-768x1150.jpg 768w, https:\/\/diosesmifuerza.org\/universidad\/wp-content\/uploads\/2023\/10\/entrega-total2-1025x1536.jpg 1025w, https:\/\/diosesmifuerza.org\/universidad\/wp-content\/uploads\/2023\/10\/entrega-total2-1367x2048.jpg 1367w, https:\/\/diosesmifuerza.org\/universidad\/wp-content\/uploads\/2023\/10\/entrega-total2-600x899.jpg 600w\" sizes=\"(max-width: 1709px) 100vw, 1709px\" \/>\t\t\t\t\t\t\t\t\t\t\t\t\t\t\t<\/div>\n\t\t\t\t<\/div>\n\t\t\t\t\t<\/div>\n\t\t<\/div>\n\t\t\t\t\t<\/div>\n\t\t<\/section>\n\t\t\t\t<\/div>\n\t\t","protected":false},"excerpt":{"rendered":"<p>detalles del curso Un breve resumen del curso con los temas y lecciones que contiene dicho curso. el poder de<\/p>\n","protected":false},"author":2,"featured_media":0,"parent":0,"menu_order":0,"comment_status":"closed","ping_status":"closed","template":"","meta":{"_tutorstarter_page_metadata":[],"footnotes":""},"class_list":["post-14510","page","type-page","status-publish","hentry"],"_links":{"self":[{"href":"https:\/\/diosesmifuerza.org\/universidad\/wp-json\/wp\/v2\/pages\/14510","targetHints":{"allow":["GET"]}}],"collection":[{"href":"https:\/\/diosesmifuerza.org\/universidad\/wp-json\/wp\/v2\/pages"}],"about":[{"href":"https:\/\/diosesmifuerza.org\/universidad\/wp-json\/wp\/v2\/types\/page"}],"author":[{"embeddable":true,"href":"https:\/\/diosesmifuerza.org\/universidad\/wp-json\/wp\/v2\/users\/2"}],"replies":[{"embeddable":true,"href":"https:\/\/diosesmifuerza.org\/universidad\/wp-json\/wp\/v2\/comments?post=14510"}],"version-history":[{"count":7,"href":"https:\/\/diosesmifuerza.org\/universidad\/wp-json\/wp\/v2\/pages\/14510\/revisions"}],"predecessor-version":[{"id":14519,"href":"https:\/\/diosesmifuerza.org\/universidad\/wp-json\/wp\/v2\/pages\/14510\/revisions\/14519"}],"wp:attachment":[{"href":"https:\/\/diosesmifuerza.org\/universidad\/wp-json\/wp\/v2\/media?parent=14510"}],"curies":[{"name":"wp","href":"https:\/\/api.w.org\/{rel}","templated":true}]}}