{"id":12918,"date":"2021-03-31T11:43:25","date_gmt":"2021-03-31T11:43:25","guid":{"rendered":"https:\/\/preview.tutorlms.com\/elementor-starter\/?page_id=12918"},"modified":"2023-10-04T22:39:51","modified_gmt":"2023-10-04T22:39:51","slug":"quienes-somos","status":"publish","type":"page","link":"https:\/\/diosesmifuerza.org\/universidad\/quienes-somos\/","title":{"rendered":"Quienes Somos"},"content":{"rendered":"\t\t<div data-elementor-type=\"wp-page\" data-elementor-id=\"12918\" class=\"elementor elementor-12918\" data-elementor-post-type=\"page\">\n\t\t\t\t\t\t<section class=\"elementor-section elementor-top-section elementor-element elementor-element-ceac110 elementor-section-boxed elementor-section-height-default elementor-section-height-default\" data-id=\"ceac110\" data-element_type=\"section\" data-e-type=\"section\" data-settings=\"{&quot;background_background&quot;:&quot;classic&quot;}\">\n\t\t\t\t\t\t\t<div class=\"elementor-background-overlay\"><\/div>\n\t\t\t\t\t\t\t<div class=\"elementor-container elementor-column-gap-default\">\n\t\t\t\t\t<div class=\"elementor-column elementor-col-100 elementor-top-column elementor-element elementor-element-e92d383\" data-id=\"e92d383\" data-element_type=\"column\" data-e-type=\"column\">\n\t\t\t<div class=\"elementor-widget-wrap elementor-element-populated\">\n\t\t\t\t\t\t<div class=\"elementor-element elementor-element-96f7096 elementor-widget elementor-widget-heading\" data-id=\"96f7096\" data-element_type=\"widget\" data-e-type=\"widget\" data-widget_type=\"heading.default\">\n\t\t\t\t<div class=\"elementor-widget-container\">\n\t\t\t\t\t<h2 class=\"elementor-heading-title elementor-size-default\">QUIENES SOMOS<\/h2>\t\t\t\t<\/div>\n\t\t\t\t<\/div>\n\t\t\t\t<div class=\"elementor-element elementor-element-bc8a1b8 elementor-widget elementor-widget-heading\" data-id=\"bc8a1b8\" data-element_type=\"widget\" data-e-type=\"widget\" data-widget_type=\"heading.default\">\n\t\t\t\t<div class=\"elementor-widget-container\">\n\t\t\t\t\t<h2 class=\"elementor-heading-title elementor-size-default\">INICIO &gt; QUIENES SOMOS<\/h2>\t\t\t\t<\/div>\n\t\t\t\t<\/div>\n\t\t\t\t\t<\/div>\n\t\t<\/div>\n\t\t\t\t\t<\/div>\n\t\t<\/section>\n\t\t\t\t<section class=\"elementor-section elementor-top-section elementor-element elementor-element-99a5602 elementor-section-content-top elementor-section-boxed elementor-section-height-default elementor-section-height-default\" data-id=\"99a5602\" data-element_type=\"section\" data-e-type=\"section\" data-settings=\"{&quot;background_background&quot;:&quot;classic&quot;}\">\n\t\t\t\t\t\t<div class=\"elementor-container elementor-column-gap-default\">\n\t\t\t\t\t<div class=\"elementor-column elementor-col-50 elementor-top-column elementor-element elementor-element-b90db5e\" data-id=\"b90db5e\" data-element_type=\"column\" data-e-type=\"column\">\n\t\t\t<div class=\"elementor-widget-wrap elementor-element-populated\">\n\t\t\t\t\t\t<div class=\"elementor-element elementor-element-a81f5d6 elementor-widget elementor-widget-heading\" data-id=\"a81f5d6\" data-element_type=\"widget\" data-e-type=\"widget\" data-widget_type=\"heading.default\">\n\t\t\t\t<div class=\"elementor-widget-container\">\n\t\t\t\t\t<h2 class=\"elementor-heading-title elementor-size-default\">NUESTRO DIRECTOR<\/h2>\t\t\t\t<\/div>\n\t\t\t\t<\/div>\n\t\t\t\t<div class=\"elementor-element elementor-element-7222ec5 elementor-widget__width-initial elementor-widget elementor-widget-text-editor\" data-id=\"7222ec5\" data-element_type=\"widget\" data-e-type=\"widget\" data-widget_type=\"text-editor.default\">\n\t\t\t\t<div class=\"elementor-widget-container\">\n\t\t\t\t\t\t\t\t\t<p>Con mas de 37 a\u00f1os de ministerio, nuestro director Alberto Gallo, es quien lleva adelante la Universidad Internacional del Reino.\u00a0<\/p>\t\t\t\t\t\t\t\t<\/div>\n\t\t\t\t<\/div>\n\t\t\t\t<div class=\"elementor-element elementor-element-6c8ee79 elementor-widget__width-initial elementor-widget elementor-widget-text-editor\" data-id=\"6c8ee79\" data-element_type=\"widget\" data-e-type=\"widget\" data-widget_type=\"text-editor.default\">\n\t\t\t\t<div class=\"elementor-widget-container\">\n\t\t\t\t\t\t\t\t\t<p>Graduado del Instituto Los Olivos, del cual tambi\u00e9n fue Profesor, continuando con la ense\u00f1anza para el ministerio CCN del Ap\u00f3stol \u00c1vila (Esformi) miles de alumnos han pasado por sus aulas.\u00a0<\/p>\t\t\t\t\t\t\t\t<\/div>\n\t\t\t\t<\/div>\n\t\t\t\t\t<\/div>\n\t\t<\/div>\n\t\t\t\t<div class=\"elementor-column elementor-col-50 elementor-top-column elementor-element elementor-element-c4bbd1c\" data-id=\"c4bbd1c\" data-element_type=\"column\" data-e-type=\"column\">\n\t\t\t<div class=\"elementor-widget-wrap elementor-element-populated\">\n\t\t\t\t\t\t<div class=\"elementor-element elementor-element-c3852a4 elementor-widget elementor-widget-image\" data-id=\"c3852a4\" data-element_type=\"widget\" data-e-type=\"widget\" data-widget_type=\"image.default\">\n\t\t\t\t<div class=\"elementor-widget-container\">\n\t\t\t\t\t\t\t\t\t\t\t\t\t\t\t<img fetchpriority=\"high\" decoding=\"async\" width=\"768\" height=\"1024\" src=\"https:\/\/diosesmifuerza.org\/universidad\/wp-content\/uploads\/2023\/10\/DSCN3611-scaled-e1696450359226-768x1024.jpg\" class=\"attachment-large size-large wp-image-14394\" alt=\"\" srcset=\"https:\/\/diosesmifuerza.org\/universidad\/wp-content\/uploads\/2023\/10\/DSCN3611-scaled-e1696450359226-768x1024.jpg 768w, https:\/\/diosesmifuerza.org\/universidad\/wp-content\/uploads\/2023\/10\/DSCN3611-scaled-e1696450359226-225x300.jpg 225w, https:\/\/diosesmifuerza.org\/universidad\/wp-content\/uploads\/2023\/10\/DSCN3611-scaled-e1696450359226-1152x1536.jpg 1152w, https:\/\/diosesmifuerza.org\/universidad\/wp-content\/uploads\/2023\/10\/DSCN3611-scaled-e1696450359226-1536x2048.jpg 1536w, https:\/\/diosesmifuerza.org\/universidad\/wp-content\/uploads\/2023\/10\/DSCN3611-scaled-e1696450359226-600x800.jpg 600w, https:\/\/diosesmifuerza.org\/universidad\/wp-content\/uploads\/2023\/10\/DSCN3611-scaled-e1696450359226.jpg 1920w\" sizes=\"(max-width: 768px) 100vw, 768px\" \/>\t\t\t\t\t\t\t\t\t\t\t\t\t\t\t<\/div>\n\t\t\t\t<\/div>\n\t\t\t\t\t<\/div>\n\t\t<\/div>\n\t\t\t\t\t<\/div>\n\t\t<\/section>\n\t\t\t\t<section class=\"elementor-section elementor-top-section elementor-element elementor-element-68347163 elementor-section-full_width elementor-section-height-default elementor-section-height-default\" data-id=\"68347163\" data-element_type=\"section\" data-e-type=\"section\" data-settings=\"{&quot;background_background&quot;:&quot;classic&quot;}\">\n\t\t\t\t\t\t\t<div class=\"elementor-background-overlay\"><\/div>\n\t\t\t\t\t\t\t<div class=\"elementor-container elementor-column-gap-default\">\n\t\t\t\t\t<div class=\"elementor-column elementor-col-33 elementor-top-column elementor-element elementor-element-7dbaf745\" data-id=\"7dbaf745\" data-element_type=\"column\" data-e-type=\"column\" data-settings=\"{&quot;background_background&quot;:&quot;classic&quot;}\">\n\t\t\t<div class=\"elementor-widget-wrap elementor-element-populated\">\n\t\t\t\t\t<div class=\"elementor-background-overlay\"><\/div>\n\t\t\t\t\t\t<div class=\"elementor-element elementor-element-479a26de elementor-widget elementor-widget-spacer\" data-id=\"479a26de\" data-element_type=\"widget\" data-e-type=\"widget\" data-widget_type=\"spacer.default\">\n\t\t\t\t<div class=\"elementor-widget-container\">\n\t\t\t\t\t\t\t<div class=\"elementor-spacer\">\n\t\t\t<div class=\"elementor-spacer-inner\"><\/div>\n\t\t<\/div>\n\t\t\t\t\t\t<\/div>\n\t\t\t\t<\/div>\n\t\t\t\t\t<\/div>\n\t\t<\/div>\n\t\t\t\t<div class=\"elementor-column elementor-col-33 elementor-top-column elementor-element elementor-element-58dead51\" data-id=\"58dead51\" data-element_type=\"column\" data-e-type=\"column\" data-settings=\"{&quot;background_background&quot;:&quot;classic&quot;}\">\n\t\t\t<div class=\"elementor-widget-wrap elementor-element-populated\">\n\t\t\t\t\t\t<section class=\"elementor-section elementor-inner-section elementor-element elementor-element-301e73fb elementor-section-boxed elementor-section-height-default elementor-section-height-default\" data-id=\"301e73fb\" data-element_type=\"section\" data-e-type=\"section\">\n\t\t\t\t\t\t<div class=\"elementor-container elementor-column-gap-default\">\n\t\t\t\t\t<div class=\"elementor-column elementor-col-100 elementor-inner-column elementor-element elementor-element-5cec4eb8\" data-id=\"5cec4eb8\" data-element_type=\"column\" data-e-type=\"column\">\n\t\t\t<div class=\"elementor-widget-wrap elementor-element-populated\">\n\t\t\t\t\t\t<div class=\"elementor-element elementor-element-45be4643 envato-kit-138-bracket elementor-widget elementor-widget-heading\" data-id=\"45be4643\" data-element_type=\"widget\" data-e-type=\"widget\" data-widget_type=\"heading.default\">\n\t\t\t\t<div class=\"elementor-widget-container\">\n\t\t\t\t\t<h3 class=\"elementor-heading-title elementor-size-default\">UNIVERSIDAD INTERNACIONAL DEL REINO<\/h3>\t\t\t\t<\/div>\n\t\t\t\t<\/div>\n\t\t\t\t<div class=\"elementor-element elementor-element-7db4e9e0 elementor-widget elementor-widget-heading\" data-id=\"7db4e9e0\" data-element_type=\"widget\" data-e-type=\"widget\" data-widget_type=\"heading.default\">\n\t\t\t\t<div class=\"elementor-widget-container\">\n\t\t\t\t\t<h2 class=\"elementor-heading-title elementor-size-default\">QUIENES SOMOS<\/h2>\t\t\t\t<\/div>\n\t\t\t\t<\/div>\n\t\t\t\t<div class=\"elementor-element elementor-element-5e3893d8 elementor-widget-divider--view-line elementor-widget elementor-widget-divider\" data-id=\"5e3893d8\" data-element_type=\"widget\" data-e-type=\"widget\" data-widget_type=\"divider.default\">\n\t\t\t\t<div class=\"elementor-widget-container\">\n\t\t\t\t\t\t\t<div class=\"elementor-divider\">\n\t\t\t<span class=\"elementor-divider-separator\">\n\t\t\t\t\t\t<\/span>\n\t\t<\/div>\n\t\t\t\t\t\t<\/div>\n\t\t\t\t<\/div>\n\t\t\t\t<div class=\"elementor-element elementor-element-52441e35 elementor-widget elementor-widget-text-editor\" data-id=\"52441e35\" data-element_type=\"widget\" data-e-type=\"widget\" data-widget_type=\"text-editor.default\">\n\t\t\t\t<div class=\"elementor-widget-container\">\n\t\t\t\t\t\t\t\t\t<p>La Universidad Internacional del Reino pertenece a nuestro Plan Nacional de Educaci\u00f3n Religiosa y Formaci\u00f3n Ministerial, bajo el Departamento de Educaci\u00f3n Ministerial<\/p><p>(Matricula 27.834 Resoluci\u00f3n 3114)\u00a0<\/p>\t\t\t\t\t\t\t\t<\/div>\n\t\t\t\t<\/div>\n\t\t\t\t\t<\/div>\n\t\t<\/div>\n\t\t\t\t\t<\/div>\n\t\t<\/section>\n\t\t\t\t<div class=\"elementor-element elementor-element-1ffc61e9 elementor-widget elementor-widget-spacer\" data-id=\"1ffc61e9\" data-element_type=\"widget\" data-e-type=\"widget\" data-widget_type=\"spacer.default\">\n\t\t\t\t<div class=\"elementor-widget-container\">\n\t\t\t\t\t\t\t<div class=\"elementor-spacer\">\n\t\t\t<div class=\"elementor-spacer-inner\"><\/div>\n\t\t<\/div>\n\t\t\t\t\t\t<\/div>\n\t\t\t\t<\/div>\n\t\t\t\t<section class=\"elementor-section elementor-inner-section elementor-element elementor-element-67a25c6 elementor-section-boxed elementor-section-height-default elementor-section-height-default\" data-id=\"67a25c6\" data-element_type=\"section\" data-e-type=\"section\">\n\t\t\t\t\t\t<div class=\"elementor-container elementor-column-gap-default\">\n\t\t\t\t\t<div class=\"elementor-column elementor-col-50 elementor-inner-column elementor-element elementor-element-2fca35f9\" data-id=\"2fca35f9\" data-element_type=\"column\" data-e-type=\"column\">\n\t\t\t<div class=\"elementor-widget-wrap elementor-element-populated\">\n\t\t\t\t\t\t<div class=\"elementor-element elementor-element-3ffb1226 envato-kit-138-bracket elementor-widget elementor-widget-heading\" data-id=\"3ffb1226\" data-element_type=\"widget\" data-e-type=\"widget\" data-widget_type=\"heading.default\">\n\t\t\t\t<div class=\"elementor-widget-container\">\n\t\t\t\t\t<h3 class=\"elementor-heading-title elementor-size-default\">PROP\u00d3SITO<\/h3>\t\t\t\t<\/div>\n\t\t\t\t<\/div>\n\t\t\t\t\t<\/div>\n\t\t<\/div>\n\t\t\t\t<div class=\"elementor-column elementor-col-50 elementor-inner-column elementor-element elementor-element-84bd1cc\" data-id=\"84bd1cc\" data-element_type=\"column\" data-e-type=\"column\">\n\t\t\t<div class=\"elementor-widget-wrap elementor-element-populated\">\n\t\t\t\t\t\t<div class=\"elementor-element elementor-element-2cd50689 elementor-widget elementor-widget-text-editor\" data-id=\"2cd50689\" data-element_type=\"widget\" data-e-type=\"widget\" data-widget_type=\"text-editor.default\">\n\t\t\t\t<div class=\"elementor-widget-container\">\n\t\t\t\t\t\t\t\t\t<p>Preparar un Liderazgo que est\u00e9 por encima de los est\u00e1ndares del mundo moderno sin perder de vista los principios y fundamentos del Reino de Dios <strong>Daniel 1:17-20<\/strong><\/p>\t\t\t\t\t\t\t\t<\/div>\n\t\t\t\t<\/div>\n\t\t\t\t\t<\/div>\n\t\t<\/div>\n\t\t\t\t\t<\/div>\n\t\t<\/section>\n\t\t\t\t<section class=\"elementor-section elementor-inner-section elementor-element elementor-element-260d3f91 elementor-section-full_width elementor-section-height-default elementor-section-height-default\" data-id=\"260d3f91\" data-element_type=\"section\" data-e-type=\"section\">\n\t\t\t\t\t\t<div class=\"elementor-container elementor-column-gap-no\">\n\t\t\t\t\t<div class=\"elementor-column elementor-col-50 elementor-inner-column elementor-element elementor-element-3be12fcd\" data-id=\"3be12fcd\" data-element_type=\"column\" data-e-type=\"column\">\n\t\t\t<div class=\"elementor-widget-wrap elementor-element-populated\">\n\t\t\t\t\t\t<div class=\"elementor-element elementor-element-51e6762b elementor-widget elementor-widget-image\" data-id=\"51e6762b\" data-element_type=\"widget\" data-e-type=\"widget\" data-widget_type=\"image.default\">\n\t\t\t\t<div class=\"elementor-widget-container\">\n\t\t\t\t\t\t\t\t\t\t\t\t\t\t\t<img decoding=\"async\" width=\"300\" height=\"300\" src=\"https:\/\/diosesmifuerza.org\/universidad\/wp-content\/uploads\/2023\/09\/700X430-LOGO-UNIR-PNG-300x300.png\" class=\"attachment-woocommerce_thumbnail size-woocommerce_thumbnail wp-image-78\" alt=\"\" srcset=\"https:\/\/diosesmifuerza.org\/universidad\/wp-content\/uploads\/2023\/09\/700X430-LOGO-UNIR-PNG-300x300.png 300w, https:\/\/diosesmifuerza.org\/universidad\/wp-content\/uploads\/2023\/09\/700X430-LOGO-UNIR-PNG-100x100.png 100w, https:\/\/diosesmifuerza.org\/universidad\/wp-content\/uploads\/2023\/09\/700X430-LOGO-UNIR-PNG-150x150.png 150w\" sizes=\"(max-width: 300px) 100vw, 300px\" \/>\t\t\t\t\t\t\t\t\t\t\t\t\t\t\t<\/div>\n\t\t\t\t<\/div>\n\t\t\t\t\t<\/div>\n\t\t<\/div>\n\t\t\t\t<div class=\"elementor-column elementor-col-50 elementor-inner-column elementor-element elementor-element-b50b727\" data-id=\"b50b727\" data-element_type=\"column\" data-e-type=\"column\">\n\t\t\t<div class=\"elementor-widget-wrap elementor-element-populated\">\n\t\t\t\t\t\t<div class=\"elementor-element elementor-element-72feb80c elementor-widget elementor-widget-text-editor\" data-id=\"72feb80c\" data-element_type=\"widget\" data-e-type=\"widget\" data-widget_type=\"text-editor.default\">\n\t\t\t\t<div class=\"elementor-widget-container\">\n\t\t\t\t\t\t\t\t\t<p><strong>FINALIDAD DIDACTICA:<\/strong><\/p><p>Puesta en pr\u00e1ctica de lo aprendido, ser conocedores y hacedores de la Palabra de Dios, obedecer la voz del Espiritu Santo por sobre la voz del alma, ya que tambi\u00e9n nos guiar\u00e1 a toda verdad y nos ense\u00f1ara lo que ha de acontecer en los pr\u00f3ximos d\u00edas, meses y a\u00f1os.<\/p><p><strong>S. Juan 16:13-15<\/strong>; <strong>Santiago 1:22-25<\/strong>. Manifestar el Reino de los Cielos aqu\u00ed en la tierra \u00a1ahora!<\/p><p><strong>Hageo 2:19<\/strong> desde este d\u00eda os Bendecir\u00e9.<\/p>\t\t\t\t\t\t\t\t<\/div>\n\t\t\t\t<\/div>\n\t\t\t\t\t<\/div>\n\t\t<\/div>\n\t\t\t\t\t<\/div>\n\t\t<\/section>\n\t\t\t\t<section class=\"elementor-section elementor-inner-section elementor-element elementor-element-22264e2 elementor-section-boxed elementor-section-height-default elementor-section-height-default\" data-id=\"22264e2\" data-element_type=\"section\" data-e-type=\"section\">\n\t\t\t\t\t\t<div class=\"elementor-container elementor-column-gap-default\">\n\t\t\t\t\t<div class=\"elementor-column elementor-col-50 elementor-inner-column elementor-element elementor-element-157b05b2\" data-id=\"157b05b2\" data-element_type=\"column\" data-e-type=\"column\">\n\t\t\t<div class=\"elementor-widget-wrap elementor-element-populated\">\n\t\t\t\t\t\t<div class=\"elementor-element elementor-element-2f734ff8 envato-kit-138-bracket elementor-widget elementor-widget-heading\" data-id=\"2f734ff8\" data-element_type=\"widget\" data-e-type=\"widget\" data-widget_type=\"heading.default\">\n\t\t\t\t<div class=\"elementor-widget-container\">\n\t\t\t\t\t<h3 class=\"elementor-heading-title elementor-size-default\">OBJETIVOS<\/h3>\t\t\t\t<\/div>\n\t\t\t\t<\/div>\n\t\t\t\t\t<\/div>\n\t\t<\/div>\n\t\t\t\t<div class=\"elementor-column elementor-col-50 elementor-inner-column elementor-element elementor-element-70e37890\" data-id=\"70e37890\" data-element_type=\"column\" data-e-type=\"column\">\n\t\t\t<div class=\"elementor-widget-wrap elementor-element-populated\">\n\t\t\t\t\t\t<div class=\"elementor-element elementor-element-4585c26f elementor-widget elementor-widget-text-editor\" data-id=\"4585c26f\" data-element_type=\"widget\" data-e-type=\"widget\" data-widget_type=\"text-editor.default\">\n\t\t\t\t<div class=\"elementor-widget-container\">\n\t\t\t\t\t\t\t\t\t<p>Reconocer los principios, fundamentos y dise\u00f1os que Dios dej\u00f3 plasmado en su bendita Palabra (La Santa Biblia). Permitir que el Espiritu Santo moldee, reprograme y potencialice nuestras vidas. Que los Dones del Esp\u00edritu Santo fluyan al m\u00e1ximo a trav\u00e9s de nuestro llamado.<\/p><p>Agudizar nuestros o\u00eddos espirituales y nuestra visi\u00f3n para cumplir el prop\u00f3sito eterno de Dios aqu\u00ed en la tierra en este tiempo especifico. <strong>2 Cr\u00f3nicas 20:20.<\/strong><\/p><p>Confiar en Dios y estaremos seguros, creeries a sus profetas y seremos\u00a0prosperados.<\/p>\t\t\t\t\t\t\t\t<\/div>\n\t\t\t\t<\/div>\n\t\t\t\t\t<\/div>\n\t\t<\/div>\n\t\t\t\t\t<\/div>\n\t\t<\/section>\n\t\t\t\t\t<\/div>\n\t\t<\/div>\n\t\t\t\t<div class=\"elementor-column elementor-col-33 elementor-top-column elementor-element elementor-element-5611b67\" data-id=\"5611b67\" data-element_type=\"column\" data-e-type=\"column\">\n\t\t\t<div class=\"elementor-widget-wrap elementor-element-populated\">\n\t\t\t\t\t\t<div class=\"elementor-element elementor-element-158c1b14 elementor-widget elementor-widget-spacer\" data-id=\"158c1b14\" data-element_type=\"widget\" data-e-type=\"widget\" data-widget_type=\"spacer.default\">\n\t\t\t\t<div class=\"elementor-widget-container\">\n\t\t\t\t\t\t\t<div class=\"elementor-spacer\">\n\t\t\t<div class=\"elementor-spacer-inner\"><\/div>\n\t\t<\/div>\n\t\t\t\t\t\t<\/div>\n\t\t\t\t<\/div>\n\t\t\t\t\t<\/div>\n\t\t<\/div>\n\t\t\t\t\t<\/div>\n\t\t<\/section>\n\t\t\t\t<\/div>\n\t\t","protected":false},"excerpt":{"rendered":"<p>QUIENES SOMOS INICIO > QUIENES SOMOS NUESTRO DIRECTOR Con mas de 37 a\u00f1os de ministerio, nuestro director Alberto Gallo, es<\/p>\n","protected":false},"author":2,"featured_media":0,"parent":0,"menu_order":0,"comment_status":"closed","ping_status":"closed","template":"elementor_header_footer","meta":{"_tutorstarter_page_metadata":{"sidebar_select":"","footer_select":"","page_title_toggle":false,"header_toggle":false,"header_trans_toggle":true,"footer_toggle":false},"footnotes":""},"class_list":["post-12918","page","type-page","status-publish","hentry"],"_links":{"self":[{"href":"https:\/\/diosesmifuerza.org\/universidad\/wp-json\/wp\/v2\/pages\/12918","targetHints":{"allow":["GET"]}}],"collection":[{"href":"https:\/\/diosesmifuerza.org\/universidad\/wp-json\/wp\/v2\/pages"}],"about":[{"href":"https:\/\/diosesmifuerza.org\/universidad\/wp-json\/wp\/v2\/types\/page"}],"author":[{"embeddable":true,"href":"https:\/\/diosesmifuerza.org\/universidad\/wp-json\/wp\/v2\/users\/2"}],"replies":[{"embeddable":true,"href":"https:\/\/diosesmifuerza.org\/universidad\/wp-json\/wp\/v2\/comments?post=12918"}],"version-history":[{"count":17,"href":"https:\/\/diosesmifuerza.org\/universidad\/wp-json\/wp\/v2\/pages\/12918\/revisions"}],"predecessor-version":[{"id":14420,"href":"https:\/\/diosesmifuerza.org\/universidad\/wp-json\/wp\/v2\/pages\/12918\/revisions\/14420"}],"wp:attachment":[{"href":"https:\/\/diosesmifuerza.org\/universidad\/wp-json\/wp\/v2\/media?parent=12918"}],"curies":[{"name":"wp","href":"https:\/\/api.w.org\/{rel}","templated":true}]}}